{"id":852,"date":"2023-09-06T23:32:47","date_gmt":"2023-09-06T20:32:47","guid":{"rendered":"https:\/\/www.last-gamer.com\/?page_id=852"},"modified":"2023-09-06T23:32:48","modified_gmt":"2023-09-06T20:32:48","slug":"about-us","status":"publish","type":"page","link":"https:\/\/www.last-gamer.com\/de\/about-us\/","title":{"rendered":"\u00dcber uns"},"content":{"rendered":"<p>Wir sind ein Team von Enthusiasten, die sich leidenschaftlich f\u00fcr die Welt der Gl\u00fccksspiele und Casinos interessieren. Auf unserer Website haben wir Informationen \u00fcber die beliebtesten Streamer gesammelt, die an verschiedenen Orten Online-Spiele \u00fcbertragen, sowie \u00fcber die Casinos, in denen sie spielen. Wir versuchen, unseren Nutzern die vollst\u00e4ndigsten und zuverl\u00e4ssigsten Informationen \u00fcber die f\u00fchrenden Anbieter in der Welt der Gl\u00fccksspielindustrie zur Verf\u00fcgung zu stellen. Dar\u00fcber hinaus bieten wir unseren Lesern Bewertungen und Empfehlungen zu den beliebtesten Spielen, sowie teilen die Geheimnisse ihrer Passage. Wir sind sicher, dass unsere Website wird ein unverzichtbarer Helfer f\u00fcr diejenigen, die sich bewusst sein, die neuesten Nachrichten in der Welt der Online-Casinos und erhalten maximale Freude am Spiel.<\/p>\n\n\n\n<h2 class=\"wp-block-heading\">Unser Auftrag<\/h2>\n\n\n\n<p>Unser Ziel ist es, unseren Nutzern zu helfen, die richtige Wahl bei der Auswahl von Online-Casinos und Spielen zu treffen. Wir bem\u00fchen uns, nur qualitativ hochwertige und zuverl\u00e4ssige Informationen zu liefern, damit unsere Leser das Gl\u00fccksspiel sicher und mit Vertrauen genie\u00dfen k\u00f6nnen. Au\u00dferdem m\u00f6chten wir die allgemeine Gl\u00fccksspielkultur f\u00f6rdern und unseren Nutzern die M\u00f6glichkeit bieten, Kontakte zu kn\u00fcpfen und ihre Erfahrungen mit anderen Gl\u00fccksspielbegeisterten zu teilen.<\/p>\n\n\n\n<h2 class=\"wp-block-heading\">Unsere Pl\u00e4ne<\/h2>\n\n\n\n<p>Wir arbeiten an einem unglaublich ehrgeizigen Projekt mit dem Ziel, alle Streaming-Statistiken unabh\u00e4ngig zu erfassen und diese Informationen mit unseren Lesern zu teilen. Unser Team ist sich der enormen Bedeutung von Daten f\u00fcr das Verst\u00e4ndnis der Streaming-Branche bewusst, und wir wollen m\u00f6glichst umfassende und genaue Informationen bereitstellen. Durch das Sammeln von Daten \u00fcber Aufrufe, die Anzahl der Abonnenten, das Engagement in den sozialen Medien und vieles mehr hoffen wir, unseren Lesern die Werkzeuge an die Hand zu geben, die sie ben\u00f6tigen, um fundierte Entscheidungen \u00fcber ihre eigenen Streaming-Aktivit\u00e4ten zu treffen. Dar\u00fcber hinaus wollen wir diese Daten nutzen, um Trends und Muster in der Branche zu erkennen und neue Strategien f\u00fcr Wachstum und Erfolg in der Streaming-Community zu entwickeln. Mit unserem umfangreichen Wissen und unserer Erfahrung sind wir zuversichtlich, dass wir die Art und Weise, wie Streamer ihr Handwerk angehen und ihre Ziele erreichen, revolutionieren k\u00f6nnen.<\/p>\n<div class=\"author-card author-card--top\"><img alt='' src='https:\/\/secure.gravatar.com\/avatar\/aca1c782526bc85b58f0ae7e9d8bc9c64af59e18fb912e7419fa453fb776d06e?s=130&#038;d%5Bclass%5D%5B0%5D=author-image&#038;r=g' srcset='https:\/\/secure.gravatar.com\/avatar\/aca1c782526bc85b58f0ae7e9d8bc9c64af59e18fb912e7419fa453fb776d06e?s=260&#038;d%5Bclass%5D%5B0%5D=author-image&#038;r=g 2x' class='avatar avatar-130 photo' height='130' width='130' \/><div class=\"author-content text-md-center\"><span class=\"author-title\">Autor:<\/span> <a href=\"https:\/\/www.last-gamer.com\/de\/author\/casino-user\/\" class=\"author-name\">Casino-Benutzer<\/a><\/div><!-- \/.author-content --><\/div>","protected":false},"excerpt":{"rendered":"<p>Wir sind ein Team von Enthusiasten, die sich leidenschaftlich f\u00fcr die Welt der Gl\u00fccksspiele und Casinos interessieren. Auf unserer Website haben wir Informationen \u00fcber die beliebtesten Streamer gesammelt, die an verschiedenen Orten Online-Spiele \u00fcbertragen, sowie \u00fcber die Casinos, in denen sie spielen. Wir versuchen, unseren Nutzern die vollst\u00e4ndigsten und zuverl\u00e4ssigsten Informationen \u00fcber die f\u00fchrenden Anbieter in der Welt des Gl\u00fccksspiels zu liefern [...].<\/p>","protected":false},"author":1,"featured_media":0,"parent":0,"menu_order":0,"comment_status":"closed","ping_status":"closed","template":"","meta":{"footnotes":""},"class_list":["post-852","page","type-page","status-publish","hentry"],"acf":[],"yoast_head":"<!-- This site is optimized with the Yoast SEO plugin v22.3 - https:\/\/yoast.com\/wordpress\/plugins\/seo\/ -->\n<title>\u041e \u043d\u0430\u0441 -<\/title>\n<meta name=\"robots\" content=\"index, follow, max-snippet:-1, max-image-preview:large, max-video-preview:-1\" \/>\n<link rel=\"canonical\" href=\"https:\/\/www.last-gamer.com\/de\/about-us\/\" \/>\n<meta property=\"og:locale\" content=\"de_DE\" \/>\n<meta property=\"og:type\" content=\"article\" \/>\n<meta property=\"og:title\" content=\"\u041e \u043d\u0430\u0441 -\" \/>\n<meta property=\"og:description\" content=\"\u041c\u044b &#8212; \u043a\u043e\u043c\u0430\u043d\u0434\u0430 \u044d\u043d\u0442\u0443\u0437\u0438\u0430\u0441\u0442\u043e\u0432, \u043a\u043e\u0442\u043e\u0440\u0430\u044f \u0443\u0432\u043b\u0435\u0447\u0435\u043d\u0430 \u043c\u0438\u0440\u043e\u043c \u0430\u0437\u0430\u0440\u0442\u043d\u044b\u0445 \u0438\u0433\u0440 \u0438 \u043a\u0430\u0437\u0438\u043d\u043e. \u041d\u0430 \u043d\u0430\u0448\u0435\u043c \u0432\u0435\u0431-\u0441\u0430\u0439\u0442\u0435 \u043c\u044b \u0441\u043e\u0431\u0440\u0430\u043b\u0438 \u0438\u043d\u0444\u043e\u0440\u043c\u0430\u0446\u0438\u044e \u043e \u0441\u0430\u043c\u044b\u0445 \u043f\u043e\u043f\u0443\u043b\u044f\u0440\u043d\u044b\u0445 \u0441\u0442\u0440\u0438\u043c\u0435\u0440\u0430\u0445, \u043a\u043e\u0442\u043e\u0440\u044b\u0435 \u0432\u0435\u0434\u0443\u0442 \u043e\u043d\u043b\u0430\u0439\u043d \u0442\u0440\u0430\u043d\u0441\u043b\u044f\u0446\u0438\u0438 \u0438\u0433\u0440 \u043d\u0430 \u0440\u0430\u0437\u043b\u0438\u0447\u043d\u044b\u0445 \u043f\u043b\u043e\u0449\u0430\u0434\u043a\u0430\u0445, \u0430 \u0442\u0430\u043a\u0436\u0435 \u043e \u0442\u0435\u0445 \u043a\u0430\u0437\u0438\u043d\u043e, \u0433\u0434\u0435 \u043e\u043d\u0438 \u0438\u0433\u0440\u0430\u044e\u0442. \u041c\u044b \u0441\u0442\u0430\u0440\u0430\u0435\u043c\u0441\u044f \u043f\u0440\u0435\u0434\u043e\u0441\u0442\u0430\u0432\u0438\u0442\u044c \u043d\u0430\u0448\u0438\u043c \u043f\u043e\u043b\u044c\u0437\u043e\u0432\u0430\u0442\u0435\u043b\u044f\u043c \u0441\u0430\u043c\u0443\u044e \u043f\u043e\u043b\u043d\u0443\u044e \u0438 \u0434\u043e\u0441\u0442\u043e\u0432\u0435\u0440\u043d\u0443\u044e \u0438\u043d\u0444\u043e\u0440\u043c\u0430\u0446\u0438\u044e \u043e \u0442\u0435\u0445, \u043a\u0442\u043e \u044f\u0432\u043b\u044f\u0435\u0442\u0441\u044f \u043b\u0438\u0434\u0435\u0440\u043e\u043c \u0432 \u043c\u0438\u0440\u0435 \u0438\u0433\u0440\u043e\u0432\u043e\u0439 [&hellip;]\" \/>\n<meta property=\"og:url\" content=\"https:\/\/www.last-gamer.com\/de\/about-us\/\" \/>\n<meta property=\"article:modified_time\" content=\"2023-09-06T20:32:48+00:00\" \/>\n<meta name=\"twitter:card\" content=\"summary_large_image\" \/>\n<meta name=\"twitter:label1\" content=\"Gesch\u00e4tzte Lesezeit\" \/>\n\t<meta name=\"twitter:data1\" content=\"2\u00a0Minuten\" \/>\n<script type=\"application\/ld+json\" class=\"yoast-schema-graph\">{\"@context\":\"https:\/\/schema.org\",\"@graph\":[{\"@type\":\"WebPage\",\"@id\":\"https:\/\/www.last-gamer.com\/about-us\/\",\"url\":\"https:\/\/www.last-gamer.com\/about-us\/\",\"name\":\"\u041e \u043d\u0430\u0441 -\",\"isPartOf\":{\"@id\":\"https:\/\/www.last-gamer.com\/#website\"},\"datePublished\":\"2023-09-06T20:32:47+00:00\",\"dateModified\":\"2023-09-06T20:32:48+00:00\",\"breadcrumb\":{\"@id\":\"https:\/\/www.last-gamer.com\/about-us\/#breadcrumb\"},\"inLanguage\":\"de\",\"potentialAction\":[{\"@type\":\"ReadAction\",\"target\":[\"https:\/\/www.last-gamer.com\/about-us\/\"]}]},{\"@type\":\"BreadcrumbList\",\"@id\":\"https:\/\/www.last-gamer.com\/about-us\/#breadcrumb\",\"itemListElement\":[{\"@type\":\"ListItem\",\"position\":1,\"name\":\"\u0413\u043b\u0430\u0432\u043d\u0430\u044f \u0441\u0442\u0440\u0430\u043d\u0438\u0446\u0430\",\"item\":\"https:\/\/www.last-gamer.com\/\"},{\"@type\":\"ListItem\",\"position\":2,\"name\":\"\u041e \u043d\u0430\u0441\"}]},{\"@type\":\"WebSite\",\"@id\":\"https:\/\/www.last-gamer.com\/#website\",\"url\":\"https:\/\/www.last-gamer.com\/\",\"name\":\"\",\"description\":\"\",\"potentialAction\":[{\"@type\":\"SearchAction\",\"target\":{\"@type\":\"EntryPoint\",\"urlTemplate\":\"https:\/\/www.last-gamer.com\/?s={search_term_string}\"},\"query-input\":\"required name=search_term_string\"}],\"inLanguage\":\"de\"}]}<\/script>\n<!-- \/ Yoast SEO plugin. -->","yoast_head_json":{"title":"\u041e \u043d\u0430\u0441 -","robots":{"index":"index","follow":"follow","max-snippet":"max-snippet:-1","max-image-preview":"max-image-preview:large","max-video-preview":"max-video-preview:-1"},"canonical":"https:\/\/www.last-gamer.com\/de\/about-us\/","og_locale":"de_DE","og_type":"article","og_title":"\u041e \u043d\u0430\u0441 -","og_description":"\u041c\u044b &#8212; \u043a\u043e\u043c\u0430\u043d\u0434\u0430 \u044d\u043d\u0442\u0443\u0437\u0438\u0430\u0441\u0442\u043e\u0432, \u043a\u043e\u0442\u043e\u0440\u0430\u044f \u0443\u0432\u043b\u0435\u0447\u0435\u043d\u0430 \u043c\u0438\u0440\u043e\u043c \u0430\u0437\u0430\u0440\u0442\u043d\u044b\u0445 \u0438\u0433\u0440 \u0438 \u043a\u0430\u0437\u0438\u043d\u043e. \u041d\u0430 \u043d\u0430\u0448\u0435\u043c \u0432\u0435\u0431-\u0441\u0430\u0439\u0442\u0435 \u043c\u044b \u0441\u043e\u0431\u0440\u0430\u043b\u0438 \u0438\u043d\u0444\u043e\u0440\u043c\u0430\u0446\u0438\u044e \u043e \u0441\u0430\u043c\u044b\u0445 \u043f\u043e\u043f\u0443\u043b\u044f\u0440\u043d\u044b\u0445 \u0441\u0442\u0440\u0438\u043c\u0435\u0440\u0430\u0445, \u043a\u043e\u0442\u043e\u0440\u044b\u0435 \u0432\u0435\u0434\u0443\u0442 \u043e\u043d\u043b\u0430\u0439\u043d \u0442\u0440\u0430\u043d\u0441\u043b\u044f\u0446\u0438\u0438 \u0438\u0433\u0440 \u043d\u0430 \u0440\u0430\u0437\u043b\u0438\u0447\u043d\u044b\u0445 \u043f\u043b\u043e\u0449\u0430\u0434\u043a\u0430\u0445, \u0430 \u0442\u0430\u043a\u0436\u0435 \u043e \u0442\u0435\u0445 \u043a\u0430\u0437\u0438\u043d\u043e, \u0433\u0434\u0435 \u043e\u043d\u0438 \u0438\u0433\u0440\u0430\u044e\u0442. \u041c\u044b \u0441\u0442\u0430\u0440\u0430\u0435\u043c\u0441\u044f \u043f\u0440\u0435\u0434\u043e\u0441\u0442\u0430\u0432\u0438\u0442\u044c \u043d\u0430\u0448\u0438\u043c \u043f\u043e\u043b\u044c\u0437\u043e\u0432\u0430\u0442\u0435\u043b\u044f\u043c \u0441\u0430\u043c\u0443\u044e \u043f\u043e\u043b\u043d\u0443\u044e \u0438 \u0434\u043e\u0441\u0442\u043e\u0432\u0435\u0440\u043d\u0443\u044e \u0438\u043d\u0444\u043e\u0440\u043c\u0430\u0446\u0438\u044e \u043e \u0442\u0435\u0445, \u043a\u0442\u043e \u044f\u0432\u043b\u044f\u0435\u0442\u0441\u044f \u043b\u0438\u0434\u0435\u0440\u043e\u043c \u0432 \u043c\u0438\u0440\u0435 \u0438\u0433\u0440\u043e\u0432\u043e\u0439 [&hellip;]","og_url":"https:\/\/www.last-gamer.com\/de\/about-us\/","article_modified_time":"2023-09-06T20:32:48+00:00","twitter_card":"summary_large_image","twitter_misc":{"Gesch\u00e4tzte Lesezeit":"2\u00a0Minuten"},"schema":{"@context":"https:\/\/schema.org","@graph":[{"@type":"WebPage","@id":"https:\/\/www.last-gamer.com\/about-us\/","url":"https:\/\/www.last-gamer.com\/about-us\/","name":"\u041e \u043d\u0430\u0441 -","isPartOf":{"@id":"https:\/\/www.last-gamer.com\/#website"},"datePublished":"2023-09-06T20:32:47+00:00","dateModified":"2023-09-06T20:32:48+00:00","breadcrumb":{"@id":"https:\/\/www.last-gamer.com\/about-us\/#breadcrumb"},"inLanguage":"de","potentialAction":[{"@type":"ReadAction","target":["https:\/\/www.last-gamer.com\/about-us\/"]}]},{"@type":"BreadcrumbList","@id":"https:\/\/www.last-gamer.com\/about-us\/#breadcrumb","itemListElement":[{"@type":"ListItem","position":1,"name":"\u0413\u043b\u0430\u0432\u043d\u0430\u044f \u0441\u0442\u0440\u0430\u043d\u0438\u0446\u0430","item":"https:\/\/www.last-gamer.com\/"},{"@type":"ListItem","position":2,"name":"\u041e \u043d\u0430\u0441"}]},{"@type":"WebSite","@id":"https:\/\/www.last-gamer.com\/#website","url":"https:\/\/www.last-gamer.com\/","name":"","description":"","potentialAction":[{"@type":"SearchAction","target":{"@type":"EntryPoint","urlTemplate":"https:\/\/www.last-gamer.com\/?s={search_term_string}"},"query-input":"required name=search_term_string"}],"inLanguage":"de"}]}},"_links":{"self":[{"href":"https:\/\/www.last-gamer.com\/de\/wp-json\/wp\/v2\/pages\/852","targetHints":{"allow":["GET"]}}],"collection":[{"href":"https:\/\/www.last-gamer.com\/de\/wp-json\/wp\/v2\/pages"}],"about":[{"href":"https:\/\/www.last-gamer.com\/de\/wp-json\/wp\/v2\/types\/page"}],"author":[{"embeddable":true,"href":"https:\/\/www.last-gamer.com\/de\/wp-json\/wp\/v2\/users\/1"}],"replies":[{"embeddable":true,"href":"https:\/\/www.last-gamer.com\/de\/wp-json\/wp\/v2\/comments?post=852"}],"version-history":[{"count":0,"href":"https:\/\/www.last-gamer.com\/de\/wp-json\/wp\/v2\/pages\/852\/revisions"}],"wp:attachment":[{"href":"https:\/\/www.last-gamer.com\/de\/wp-json\/wp\/v2\/media?parent=852"}],"curies":[{"name":"wp","href":"https:\/\/api.w.org\/{rel}","templated":true}]}}