{"id":852,"date":"2023-09-06T23:32:47","date_gmt":"2023-09-06T20:32:47","guid":{"rendered":"https:\/\/www.last-gamer.com\/?page_id=852"},"modified":"2023-09-06T23:32:48","modified_gmt":"2023-09-06T20:32:48","slug":"about-us","status":"publish","type":"page","link":"https:\/\/www.last-gamer.com\/es\/about-us\/","title":{"rendered":"Qui\u00e9nes somos"},"content":{"rendered":"<p>Somos un equipo de entusiastas apasionados por el mundo del juego y los casinos. En nuestro sitio web hemos recopilado informaci\u00f3n sobre los streamers m\u00e1s populares que retransmiten partidas online en diversos lugares, as\u00ed como sobre los casinos en los que juegan. Intentamos proporcionar a nuestros usuarios la informaci\u00f3n m\u00e1s completa y fiable sobre aquellos que son l\u00edderes en el mundo de la industria del juego. Adem\u00e1s, ofrecemos a nuestros lectores rese\u00f1as y recomendaciones sobre los juegos m\u00e1s populares, as\u00ed como compartir los secretos de su paso. Estamos seguros de que nuestro sitio se convertir\u00e1 en un asistente indispensable para aquellos que quieren estar al tanto de las \u00faltimas noticias en el mundo de los casinos en l\u00ednea y obtener el m\u00e1ximo placer del juego.<\/p>\n\n\n\n<h2 class=\"wp-block-heading\">Nuestra misi\u00f3n<\/h2>\n\n\n\n<p>Nuestra misi\u00f3n es ayudar a nuestros usuarios a tomar la decisi\u00f3n correcta a la hora de elegir casinos y juegos en l\u00ednea. Nos esforzamos por ofrecer \u00fanicamente informaci\u00f3n fiable y de calidad para que nuestros lectores puedan disfrutar del juego con seguridad y confianza. Tambi\u00e9n queremos mejorar la cultura general del juego y ofrecer a nuestros usuarios la oportunidad de socializar y compartir sus experiencias con otros entusiastas del juego.<\/p>\n\n\n\n<h2 class=\"wp-block-heading\">Nuestros planes<\/h2>\n\n\n\n<p>Estamos trabajando en un proyecto incre\u00edblemente ambicioso, con el objetivo de realizar un seguimiento independiente de todas las estad\u00edsticas relacionadas con el streaming y compartir esta informaci\u00f3n con nuestros lectores. Nuestro equipo es consciente de la enorme importancia de los datos para comprender el sector del streaming, y nuestro objetivo es ofrecer la informaci\u00f3n m\u00e1s completa y precisa posible. Mediante la recopilaci\u00f3n de datos sobre visionados, n\u00famero de abonados, participaci\u00f3n en redes sociales, etc., esperamos ofrecer a nuestros lectores las herramientas que necesitan para tomar decisiones informadas sobre su propia actividad de streaming. Adem\u00e1s, planeamos utilizar estos datos para identificar tendencias y patrones en la industria, as\u00ed como desarrollar nuevas estrategias para el crecimiento y el \u00e9xito en la comunidad de streaming. Con nuestros amplios conocimientos y experiencia, confiamos en nuestra capacidad para revolucionar la forma en que los streamers abordan su oficio y alcanzan sus objetivos.<\/p>\n<div class=\"author-card author-card--top\"><img alt='' src='https:\/\/secure.gravatar.com\/avatar\/aca1c782526bc85b58f0ae7e9d8bc9c64af59e18fb912e7419fa453fb776d06e?s=130&#038;d%5Bclass%5D%5B0%5D=author-image&#038;r=g' srcset='https:\/\/secure.gravatar.com\/avatar\/aca1c782526bc85b58f0ae7e9d8bc9c64af59e18fb912e7419fa453fb776d06e?s=260&#038;d%5Bclass%5D%5B0%5D=author-image&#038;r=g 2x' class='avatar avatar-130 photo' height='130' width='130' \/><div class=\"author-content text-md-center\"><span class=\"author-title\">Autor:<\/span> <a href=\"https:\/\/www.last-gamer.com\/es\/author\/casino-user\/\" class=\"author-name\">casino-usuario<\/a><\/div><!-- \/.author-content --><\/div>","protected":false},"excerpt":{"rendered":"<p>Somos un equipo de entusiastas apasionados por el mundo del juego y los casinos. En nuestro sitio web hemos recopilado informaci\u00f3n sobre los streamers m\u00e1s populares que retransmiten partidas online en diversos lugares, as\u00ed como sobre los casinos en los que juegan. Intentamos proporcionar a nuestros usuarios la informaci\u00f3n m\u00e1s completa y fiable sobre aquellos que son l\u00edderes en el mundo del juego [...].<\/p>","protected":false},"author":1,"featured_media":0,"parent":0,"menu_order":0,"comment_status":"closed","ping_status":"closed","template":"","meta":{"footnotes":""},"class_list":["post-852","page","type-page","status-publish","hentry"],"acf":[],"yoast_head":"<!-- This site is optimized with the Yoast SEO plugin v22.3 - https:\/\/yoast.com\/wordpress\/plugins\/seo\/ -->\n<title>\u041e \u043d\u0430\u0441 -<\/title>\n<meta name=\"robots\" content=\"index, follow, max-snippet:-1, max-image-preview:large, max-video-preview:-1\" \/>\n<link rel=\"canonical\" href=\"https:\/\/www.last-gamer.com\/es\/about-us\/\" \/>\n<meta property=\"og:locale\" content=\"es_ES\" \/>\n<meta property=\"og:type\" content=\"article\" \/>\n<meta property=\"og:title\" content=\"\u041e \u043d\u0430\u0441 -\" \/>\n<meta property=\"og:description\" content=\"\u041c\u044b &#8212; \u043a\u043e\u043c\u0430\u043d\u0434\u0430 \u044d\u043d\u0442\u0443\u0437\u0438\u0430\u0441\u0442\u043e\u0432, \u043a\u043e\u0442\u043e\u0440\u0430\u044f \u0443\u0432\u043b\u0435\u0447\u0435\u043d\u0430 \u043c\u0438\u0440\u043e\u043c \u0430\u0437\u0430\u0440\u0442\u043d\u044b\u0445 \u0438\u0433\u0440 \u0438 \u043a\u0430\u0437\u0438\u043d\u043e. \u041d\u0430 \u043d\u0430\u0448\u0435\u043c \u0432\u0435\u0431-\u0441\u0430\u0439\u0442\u0435 \u043c\u044b \u0441\u043e\u0431\u0440\u0430\u043b\u0438 \u0438\u043d\u0444\u043e\u0440\u043c\u0430\u0446\u0438\u044e \u043e \u0441\u0430\u043c\u044b\u0445 \u043f\u043e\u043f\u0443\u043b\u044f\u0440\u043d\u044b\u0445 \u0441\u0442\u0440\u0438\u043c\u0435\u0440\u0430\u0445, \u043a\u043e\u0442\u043e\u0440\u044b\u0435 \u0432\u0435\u0434\u0443\u0442 \u043e\u043d\u043b\u0430\u0439\u043d \u0442\u0440\u0430\u043d\u0441\u043b\u044f\u0446\u0438\u0438 \u0438\u0433\u0440 \u043d\u0430 \u0440\u0430\u0437\u043b\u0438\u0447\u043d\u044b\u0445 \u043f\u043b\u043e\u0449\u0430\u0434\u043a\u0430\u0445, \u0430 \u0442\u0430\u043a\u0436\u0435 \u043e \u0442\u0435\u0445 \u043a\u0430\u0437\u0438\u043d\u043e, \u0433\u0434\u0435 \u043e\u043d\u0438 \u0438\u0433\u0440\u0430\u044e\u0442. \u041c\u044b \u0441\u0442\u0430\u0440\u0430\u0435\u043c\u0441\u044f \u043f\u0440\u0435\u0434\u043e\u0441\u0442\u0430\u0432\u0438\u0442\u044c \u043d\u0430\u0448\u0438\u043c \u043f\u043e\u043b\u044c\u0437\u043e\u0432\u0430\u0442\u0435\u043b\u044f\u043c \u0441\u0430\u043c\u0443\u044e \u043f\u043e\u043b\u043d\u0443\u044e \u0438 \u0434\u043e\u0441\u0442\u043e\u0432\u0435\u0440\u043d\u0443\u044e \u0438\u043d\u0444\u043e\u0440\u043c\u0430\u0446\u0438\u044e \u043e \u0442\u0435\u0445, \u043a\u0442\u043e \u044f\u0432\u043b\u044f\u0435\u0442\u0441\u044f \u043b\u0438\u0434\u0435\u0440\u043e\u043c \u0432 \u043c\u0438\u0440\u0435 \u0438\u0433\u0440\u043e\u0432\u043e\u0439 [&hellip;]\" \/>\n<meta property=\"og:url\" content=\"https:\/\/www.last-gamer.com\/es\/about-us\/\" \/>\n<meta property=\"article:modified_time\" content=\"2023-09-06T20:32:48+00:00\" \/>\n<meta name=\"twitter:card\" content=\"summary_large_image\" \/>\n<meta name=\"twitter:label1\" content=\"Tiempo de lectura\" \/>\n\t<meta name=\"twitter:data1\" content=\"2 minutos\" \/>\n<script type=\"application\/ld+json\" class=\"yoast-schema-graph\">{\"@context\":\"https:\/\/schema.org\",\"@graph\":[{\"@type\":\"WebPage\",\"@id\":\"https:\/\/www.last-gamer.com\/about-us\/\",\"url\":\"https:\/\/www.last-gamer.com\/about-us\/\",\"name\":\"\u041e \u043d\u0430\u0441 -\",\"isPartOf\":{\"@id\":\"https:\/\/www.last-gamer.com\/#website\"},\"datePublished\":\"2023-09-06T20:32:47+00:00\",\"dateModified\":\"2023-09-06T20:32:48+00:00\",\"breadcrumb\":{\"@id\":\"https:\/\/www.last-gamer.com\/about-us\/#breadcrumb\"},\"inLanguage\":\"es\",\"potentialAction\":[{\"@type\":\"ReadAction\",\"target\":[\"https:\/\/www.last-gamer.com\/about-us\/\"]}]},{\"@type\":\"BreadcrumbList\",\"@id\":\"https:\/\/www.last-gamer.com\/about-us\/#breadcrumb\",\"itemListElement\":[{\"@type\":\"ListItem\",\"position\":1,\"name\":\"\u0413\u043b\u0430\u0432\u043d\u0430\u044f \u0441\u0442\u0440\u0430\u043d\u0438\u0446\u0430\",\"item\":\"https:\/\/www.last-gamer.com\/\"},{\"@type\":\"ListItem\",\"position\":2,\"name\":\"\u041e \u043d\u0430\u0441\"}]},{\"@type\":\"WebSite\",\"@id\":\"https:\/\/www.last-gamer.com\/#website\",\"url\":\"https:\/\/www.last-gamer.com\/\",\"name\":\"\",\"description\":\"\",\"potentialAction\":[{\"@type\":\"SearchAction\",\"target\":{\"@type\":\"EntryPoint\",\"urlTemplate\":\"https:\/\/www.last-gamer.com\/?s={search_term_string}\"},\"query-input\":\"required name=search_term_string\"}],\"inLanguage\":\"es\"}]}<\/script>\n<!-- \/ Yoast SEO plugin. -->","yoast_head_json":{"title":"\u041e \u043d\u0430\u0441 -","robots":{"index":"index","follow":"follow","max-snippet":"max-snippet:-1","max-image-preview":"max-image-preview:large","max-video-preview":"max-video-preview:-1"},"canonical":"https:\/\/www.last-gamer.com\/es\/about-us\/","og_locale":"es_ES","og_type":"article","og_title":"\u041e \u043d\u0430\u0441 -","og_description":"\u041c\u044b &#8212; \u043a\u043e\u043c\u0430\u043d\u0434\u0430 \u044d\u043d\u0442\u0443\u0437\u0438\u0430\u0441\u0442\u043e\u0432, \u043a\u043e\u0442\u043e\u0440\u0430\u044f \u0443\u0432\u043b\u0435\u0447\u0435\u043d\u0430 \u043c\u0438\u0440\u043e\u043c \u0430\u0437\u0430\u0440\u0442\u043d\u044b\u0445 \u0438\u0433\u0440 \u0438 \u043a\u0430\u0437\u0438\u043d\u043e. \u041d\u0430 \u043d\u0430\u0448\u0435\u043c \u0432\u0435\u0431-\u0441\u0430\u0439\u0442\u0435 \u043c\u044b \u0441\u043e\u0431\u0440\u0430\u043b\u0438 \u0438\u043d\u0444\u043e\u0440\u043c\u0430\u0446\u0438\u044e \u043e \u0441\u0430\u043c\u044b\u0445 \u043f\u043e\u043f\u0443\u043b\u044f\u0440\u043d\u044b\u0445 \u0441\u0442\u0440\u0438\u043c\u0435\u0440\u0430\u0445, \u043a\u043e\u0442\u043e\u0440\u044b\u0435 \u0432\u0435\u0434\u0443\u0442 \u043e\u043d\u043b\u0430\u0439\u043d \u0442\u0440\u0430\u043d\u0441\u043b\u044f\u0446\u0438\u0438 \u0438\u0433\u0440 \u043d\u0430 \u0440\u0430\u0437\u043b\u0438\u0447\u043d\u044b\u0445 \u043f\u043b\u043e\u0449\u0430\u0434\u043a\u0430\u0445, \u0430 \u0442\u0430\u043a\u0436\u0435 \u043e \u0442\u0435\u0445 \u043a\u0430\u0437\u0438\u043d\u043e, \u0433\u0434\u0435 \u043e\u043d\u0438 \u0438\u0433\u0440\u0430\u044e\u0442. \u041c\u044b \u0441\u0442\u0430\u0440\u0430\u0435\u043c\u0441\u044f \u043f\u0440\u0435\u0434\u043e\u0441\u0442\u0430\u0432\u0438\u0442\u044c \u043d\u0430\u0448\u0438\u043c \u043f\u043e\u043b\u044c\u0437\u043e\u0432\u0430\u0442\u0435\u043b\u044f\u043c \u0441\u0430\u043c\u0443\u044e \u043f\u043e\u043b\u043d\u0443\u044e \u0438 \u0434\u043e\u0441\u0442\u043e\u0432\u0435\u0440\u043d\u0443\u044e \u0438\u043d\u0444\u043e\u0440\u043c\u0430\u0446\u0438\u044e \u043e \u0442\u0435\u0445, \u043a\u0442\u043e \u044f\u0432\u043b\u044f\u0435\u0442\u0441\u044f \u043b\u0438\u0434\u0435\u0440\u043e\u043c \u0432 \u043c\u0438\u0440\u0435 \u0438\u0433\u0440\u043e\u0432\u043e\u0439 [&hellip;]","og_url":"https:\/\/www.last-gamer.com\/es\/about-us\/","article_modified_time":"2023-09-06T20:32:48+00:00","twitter_card":"summary_large_image","twitter_misc":{"Tiempo de lectura":"2 minutos"},"schema":{"@context":"https:\/\/schema.org","@graph":[{"@type":"WebPage","@id":"https:\/\/www.last-gamer.com\/about-us\/","url":"https:\/\/www.last-gamer.com\/about-us\/","name":"\u041e \u043d\u0430\u0441 -","isPartOf":{"@id":"https:\/\/www.last-gamer.com\/#website"},"datePublished":"2023-09-06T20:32:47+00:00","dateModified":"2023-09-06T20:32:48+00:00","breadcrumb":{"@id":"https:\/\/www.last-gamer.com\/about-us\/#breadcrumb"},"inLanguage":"es","potentialAction":[{"@type":"ReadAction","target":["https:\/\/www.last-gamer.com\/about-us\/"]}]},{"@type":"BreadcrumbList","@id":"https:\/\/www.last-gamer.com\/about-us\/#breadcrumb","itemListElement":[{"@type":"ListItem","position":1,"name":"\u0413\u043b\u0430\u0432\u043d\u0430\u044f \u0441\u0442\u0440\u0430\u043d\u0438\u0446\u0430","item":"https:\/\/www.last-gamer.com\/"},{"@type":"ListItem","position":2,"name":"\u041e \u043d\u0430\u0441"}]},{"@type":"WebSite","@id":"https:\/\/www.last-gamer.com\/#website","url":"https:\/\/www.last-gamer.com\/","name":"","description":"","potentialAction":[{"@type":"SearchAction","target":{"@type":"EntryPoint","urlTemplate":"https:\/\/www.last-gamer.com\/?s={search_term_string}"},"query-input":"required name=search_term_string"}],"inLanguage":"es"}]}},"_links":{"self":[{"href":"https:\/\/www.last-gamer.com\/es\/wp-json\/wp\/v2\/pages\/852","targetHints":{"allow":["GET"]}}],"collection":[{"href":"https:\/\/www.last-gamer.com\/es\/wp-json\/wp\/v2\/pages"}],"about":[{"href":"https:\/\/www.last-gamer.com\/es\/wp-json\/wp\/v2\/types\/page"}],"author":[{"embeddable":true,"href":"https:\/\/www.last-gamer.com\/es\/wp-json\/wp\/v2\/users\/1"}],"replies":[{"embeddable":true,"href":"https:\/\/www.last-gamer.com\/es\/wp-json\/wp\/v2\/comments?post=852"}],"version-history":[{"count":0,"href":"https:\/\/www.last-gamer.com\/es\/wp-json\/wp\/v2\/pages\/852\/revisions"}],"wp:attachment":[{"href":"https:\/\/www.last-gamer.com\/es\/wp-json\/wp\/v2\/media?parent=852"}],"curies":[{"name":"wp","href":"https:\/\/api.w.org\/{rel}","templated":true}]}}