{"id":852,"date":"2023-09-06T23:32:47","date_gmt":"2023-09-06T20:32:47","guid":{"rendered":"https:\/\/www.last-gamer.com\/?page_id=852"},"modified":"2023-09-06T23:32:48","modified_gmt":"2023-09-06T20:32:48","slug":"about-us","status":"publish","type":"page","link":"https:\/\/www.last-gamer.com\/fr\/about-us\/","title":{"rendered":"A propos de nous"},"content":{"rendered":"<p>Nous sommes une \u00e9quipe de passionn\u00e9s du monde du jeu et des casinos. Sur notre site, nous avons rassembl\u00e9 des informations sur les streamers les plus populaires qui diffusent des jeux en ligne dans diff\u00e9rents lieux, ainsi que sur les casinos o\u00f9 ils jouent. Nous essayons de fournir \u00e0 nos utilisateurs les informations les plus compl\u00e8tes et les plus fiables sur les leaders de l'industrie du jeu. En outre, nous offrons \u00e0 nos lecteurs des critiques et des recommandations sur les jeux les plus populaires, ainsi que le partage des secrets de leur passage. Nous sommes s\u00fbrs que notre site deviendra un assistant indispensable pour ceux qui veulent \u00eatre au courant des derni\u00e8res nouvelles dans le monde des casinos en ligne et obtenir le maximum de plaisir du jeu.<\/p>\n\n\n\n<h2 class=\"wp-block-heading\">Notre mission<\/h2>\n\n\n\n<p>Notre mission est d'aider nos utilisateurs \u00e0 faire le bon choix lorsqu'ils choisissent des casinos et des jeux en ligne. Nous nous effor\u00e7ons de ne fournir que des informations fiables et de qualit\u00e9 afin que nos lecteurs puissent jouer en toute s\u00e9curit\u00e9 et en toute confiance. Nous souhaitons \u00e9galement am\u00e9liorer la culture g\u00e9n\u00e9rale du jeu et offrir \u00e0 nos utilisateurs la possibilit\u00e9 de socialiser et de partager leurs exp\u00e9riences avec d'autres passionn\u00e9s du jeu.<\/p>\n\n\n\n<h2 class=\"wp-block-heading\">Nos projets<\/h2>\n\n\n\n<p>Nous travaillons sur un projet incroyablement ambitieux, dont l'objectif est de suivre de mani\u00e8re ind\u00e9pendante toutes les statistiques relatives aux streamers et de partager ces informations avec nos lecteurs. Notre \u00e9quipe est consciente de l'importance des donn\u00e9es pour comprendre l'industrie du streaming, et nous souhaitons fournir les informations les plus compl\u00e8tes et les plus pr\u00e9cises possibles. En recueillant des donn\u00e9es sur les vues, le nombre d'abonn\u00e9s, l'engagement dans les m\u00e9dias sociaux et bien plus encore, nous esp\u00e9rons donner \u00e0 nos lecteurs les outils dont ils ont besoin pour prendre des d\u00e9cisions \u00e9clair\u00e9es concernant leur propre activit\u00e9 de streaming. En outre, nous pr\u00e9voyons d'utiliser ces donn\u00e9es pour identifier les tendances et les mod\u00e8les dans l'industrie, ainsi que pour d\u00e9velopper de nouvelles strat\u00e9gies de croissance et de r\u00e9ussite dans la communaut\u00e9 du streaming. Forts de nos connaissances et de notre exp\u00e9rience, nous sommes convaincus de pouvoir r\u00e9volutionner la fa\u00e7on dont les streamers abordent leur m\u00e9tier et atteignent leurs objectifs.<\/p>\n<div class=\"author-card author-card--top\"><img alt='' src='https:\/\/secure.gravatar.com\/avatar\/aca1c782526bc85b58f0ae7e9d8bc9c64af59e18fb912e7419fa453fb776d06e?s=130&#038;d%5Bclass%5D%5B0%5D=author-image&#038;r=g' srcset='https:\/\/secure.gravatar.com\/avatar\/aca1c782526bc85b58f0ae7e9d8bc9c64af59e18fb912e7419fa453fb776d06e?s=260&#038;d%5Bclass%5D%5B0%5D=author-image&#038;r=g 2x' class='avatar avatar-130 photo' height='130' width='130' \/><div class=\"author-content text-md-center\"><span class=\"author-title\">Auteur :<\/span> <a href=\"https:\/\/www.last-gamer.com\/fr\/author\/casino-user\/\" class=\"author-name\">casino-utilisateur<\/a><\/div><!-- \/.author-content --><\/div>","protected":false},"excerpt":{"rendered":"<p>Nous sommes une \u00e9quipe de passionn\u00e9s du monde du jeu et des casinos. Sur notre site, nous avons rassembl\u00e9 des informations sur les streamers les plus populaires qui diffusent des jeux en ligne sur diff\u00e9rents sites, ainsi que sur les casinos o\u00f9 ils jouent. Nous essayons de fournir \u00e0 nos utilisateurs les informations les plus compl\u00e8tes et les plus fiables sur ceux qui sont les leaders dans le monde du jeu [...].<\/p>","protected":false},"author":1,"featured_media":0,"parent":0,"menu_order":0,"comment_status":"closed","ping_status":"closed","template":"","meta":{"footnotes":""},"class_list":["post-852","page","type-page","status-publish","hentry"],"acf":[],"yoast_head":"<!-- This site is optimized with the Yoast SEO plugin v22.3 - https:\/\/yoast.com\/wordpress\/plugins\/seo\/ -->\n<title>\u041e \u043d\u0430\u0441 -<\/title>\n<meta name=\"robots\" content=\"index, follow, max-snippet:-1, max-image-preview:large, max-video-preview:-1\" \/>\n<link rel=\"canonical\" href=\"https:\/\/www.last-gamer.com\/fr\/about-us\/\" \/>\n<meta property=\"og:locale\" content=\"fr_FR\" \/>\n<meta property=\"og:type\" content=\"article\" \/>\n<meta property=\"og:title\" content=\"\u041e \u043d\u0430\u0441 -\" \/>\n<meta property=\"og:description\" content=\"\u041c\u044b &#8212; \u043a\u043e\u043c\u0430\u043d\u0434\u0430 \u044d\u043d\u0442\u0443\u0437\u0438\u0430\u0441\u0442\u043e\u0432, \u043a\u043e\u0442\u043e\u0440\u0430\u044f \u0443\u0432\u043b\u0435\u0447\u0435\u043d\u0430 \u043c\u0438\u0440\u043e\u043c \u0430\u0437\u0430\u0440\u0442\u043d\u044b\u0445 \u0438\u0433\u0440 \u0438 \u043a\u0430\u0437\u0438\u043d\u043e. \u041d\u0430 \u043d\u0430\u0448\u0435\u043c \u0432\u0435\u0431-\u0441\u0430\u0439\u0442\u0435 \u043c\u044b \u0441\u043e\u0431\u0440\u0430\u043b\u0438 \u0438\u043d\u0444\u043e\u0440\u043c\u0430\u0446\u0438\u044e \u043e \u0441\u0430\u043c\u044b\u0445 \u043f\u043e\u043f\u0443\u043b\u044f\u0440\u043d\u044b\u0445 \u0441\u0442\u0440\u0438\u043c\u0435\u0440\u0430\u0445, \u043a\u043e\u0442\u043e\u0440\u044b\u0435 \u0432\u0435\u0434\u0443\u0442 \u043e\u043d\u043b\u0430\u0439\u043d \u0442\u0440\u0430\u043d\u0441\u043b\u044f\u0446\u0438\u0438 \u0438\u0433\u0440 \u043d\u0430 \u0440\u0430\u0437\u043b\u0438\u0447\u043d\u044b\u0445 \u043f\u043b\u043e\u0449\u0430\u0434\u043a\u0430\u0445, \u0430 \u0442\u0430\u043a\u0436\u0435 \u043e \u0442\u0435\u0445 \u043a\u0430\u0437\u0438\u043d\u043e, \u0433\u0434\u0435 \u043e\u043d\u0438 \u0438\u0433\u0440\u0430\u044e\u0442. \u041c\u044b \u0441\u0442\u0430\u0440\u0430\u0435\u043c\u0441\u044f \u043f\u0440\u0435\u0434\u043e\u0441\u0442\u0430\u0432\u0438\u0442\u044c \u043d\u0430\u0448\u0438\u043c \u043f\u043e\u043b\u044c\u0437\u043e\u0432\u0430\u0442\u0435\u043b\u044f\u043c \u0441\u0430\u043c\u0443\u044e \u043f\u043e\u043b\u043d\u0443\u044e \u0438 \u0434\u043e\u0441\u0442\u043e\u0432\u0435\u0440\u043d\u0443\u044e \u0438\u043d\u0444\u043e\u0440\u043c\u0430\u0446\u0438\u044e \u043e \u0442\u0435\u0445, \u043a\u0442\u043e \u044f\u0432\u043b\u044f\u0435\u0442\u0441\u044f \u043b\u0438\u0434\u0435\u0440\u043e\u043c \u0432 \u043c\u0438\u0440\u0435 \u0438\u0433\u0440\u043e\u0432\u043e\u0439 [&hellip;]\" \/>\n<meta property=\"og:url\" content=\"https:\/\/www.last-gamer.com\/fr\/about-us\/\" \/>\n<meta property=\"article:modified_time\" content=\"2023-09-06T20:32:48+00:00\" \/>\n<meta name=\"twitter:card\" content=\"summary_large_image\" \/>\n<meta name=\"twitter:label1\" content=\"Dur\u00e9e de lecture estim\u00e9e\" \/>\n\t<meta name=\"twitter:data1\" content=\"2 minutes\" \/>\n<script type=\"application\/ld+json\" class=\"yoast-schema-graph\">{\"@context\":\"https:\/\/schema.org\",\"@graph\":[{\"@type\":\"WebPage\",\"@id\":\"https:\/\/www.last-gamer.com\/about-us\/\",\"url\":\"https:\/\/www.last-gamer.com\/about-us\/\",\"name\":\"\u041e \u043d\u0430\u0441 -\",\"isPartOf\":{\"@id\":\"https:\/\/www.last-gamer.com\/#website\"},\"datePublished\":\"2023-09-06T20:32:47+00:00\",\"dateModified\":\"2023-09-06T20:32:48+00:00\",\"breadcrumb\":{\"@id\":\"https:\/\/www.last-gamer.com\/about-us\/#breadcrumb\"},\"inLanguage\":\"fr-FR\",\"potentialAction\":[{\"@type\":\"ReadAction\",\"target\":[\"https:\/\/www.last-gamer.com\/about-us\/\"]}]},{\"@type\":\"BreadcrumbList\",\"@id\":\"https:\/\/www.last-gamer.com\/about-us\/#breadcrumb\",\"itemListElement\":[{\"@type\":\"ListItem\",\"position\":1,\"name\":\"\u0413\u043b\u0430\u0432\u043d\u0430\u044f \u0441\u0442\u0440\u0430\u043d\u0438\u0446\u0430\",\"item\":\"https:\/\/www.last-gamer.com\/\"},{\"@type\":\"ListItem\",\"position\":2,\"name\":\"\u041e \u043d\u0430\u0441\"}]},{\"@type\":\"WebSite\",\"@id\":\"https:\/\/www.last-gamer.com\/#website\",\"url\":\"https:\/\/www.last-gamer.com\/\",\"name\":\"\",\"description\":\"\",\"potentialAction\":[{\"@type\":\"SearchAction\",\"target\":{\"@type\":\"EntryPoint\",\"urlTemplate\":\"https:\/\/www.last-gamer.com\/?s={search_term_string}\"},\"query-input\":\"required name=search_term_string\"}],\"inLanguage\":\"fr-FR\"}]}<\/script>\n<!-- \/ Yoast SEO plugin. -->","yoast_head_json":{"title":"\u041e \u043d\u0430\u0441 -","robots":{"index":"index","follow":"follow","max-snippet":"max-snippet:-1","max-image-preview":"max-image-preview:large","max-video-preview":"max-video-preview:-1"},"canonical":"https:\/\/www.last-gamer.com\/fr\/about-us\/","og_locale":"fr_FR","og_type":"article","og_title":"\u041e \u043d\u0430\u0441 -","og_description":"\u041c\u044b &#8212; \u043a\u043e\u043c\u0430\u043d\u0434\u0430 \u044d\u043d\u0442\u0443\u0437\u0438\u0430\u0441\u0442\u043e\u0432, \u043a\u043e\u0442\u043e\u0440\u0430\u044f \u0443\u0432\u043b\u0435\u0447\u0435\u043d\u0430 \u043c\u0438\u0440\u043e\u043c \u0430\u0437\u0430\u0440\u0442\u043d\u044b\u0445 \u0438\u0433\u0440 \u0438 \u043a\u0430\u0437\u0438\u043d\u043e. \u041d\u0430 \u043d\u0430\u0448\u0435\u043c \u0432\u0435\u0431-\u0441\u0430\u0439\u0442\u0435 \u043c\u044b \u0441\u043e\u0431\u0440\u0430\u043b\u0438 \u0438\u043d\u0444\u043e\u0440\u043c\u0430\u0446\u0438\u044e \u043e \u0441\u0430\u043c\u044b\u0445 \u043f\u043e\u043f\u0443\u043b\u044f\u0440\u043d\u044b\u0445 \u0441\u0442\u0440\u0438\u043c\u0435\u0440\u0430\u0445, \u043a\u043e\u0442\u043e\u0440\u044b\u0435 \u0432\u0435\u0434\u0443\u0442 \u043e\u043d\u043b\u0430\u0439\u043d \u0442\u0440\u0430\u043d\u0441\u043b\u044f\u0446\u0438\u0438 \u0438\u0433\u0440 \u043d\u0430 \u0440\u0430\u0437\u043b\u0438\u0447\u043d\u044b\u0445 \u043f\u043b\u043e\u0449\u0430\u0434\u043a\u0430\u0445, \u0430 \u0442\u0430\u043a\u0436\u0435 \u043e \u0442\u0435\u0445 \u043a\u0430\u0437\u0438\u043d\u043e, \u0433\u0434\u0435 \u043e\u043d\u0438 \u0438\u0433\u0440\u0430\u044e\u0442. \u041c\u044b \u0441\u0442\u0430\u0440\u0430\u0435\u043c\u0441\u044f \u043f\u0440\u0435\u0434\u043e\u0441\u0442\u0430\u0432\u0438\u0442\u044c \u043d\u0430\u0448\u0438\u043c \u043f\u043e\u043b\u044c\u0437\u043e\u0432\u0430\u0442\u0435\u043b\u044f\u043c \u0441\u0430\u043c\u0443\u044e \u043f\u043e\u043b\u043d\u0443\u044e \u0438 \u0434\u043e\u0441\u0442\u043e\u0432\u0435\u0440\u043d\u0443\u044e \u0438\u043d\u0444\u043e\u0440\u043c\u0430\u0446\u0438\u044e \u043e \u0442\u0435\u0445, \u043a\u0442\u043e \u044f\u0432\u043b\u044f\u0435\u0442\u0441\u044f \u043b\u0438\u0434\u0435\u0440\u043e\u043c \u0432 \u043c\u0438\u0440\u0435 \u0438\u0433\u0440\u043e\u0432\u043e\u0439 [&hellip;]","og_url":"https:\/\/www.last-gamer.com\/fr\/about-us\/","article_modified_time":"2023-09-06T20:32:48+00:00","twitter_card":"summary_large_image","twitter_misc":{"Dur\u00e9e de lecture estim\u00e9e":"2 minutes"},"schema":{"@context":"https:\/\/schema.org","@graph":[{"@type":"WebPage","@id":"https:\/\/www.last-gamer.com\/about-us\/","url":"https:\/\/www.last-gamer.com\/about-us\/","name":"\u041e \u043d\u0430\u0441 -","isPartOf":{"@id":"https:\/\/www.last-gamer.com\/#website"},"datePublished":"2023-09-06T20:32:47+00:00","dateModified":"2023-09-06T20:32:48+00:00","breadcrumb":{"@id":"https:\/\/www.last-gamer.com\/about-us\/#breadcrumb"},"inLanguage":"fr-FR","potentialAction":[{"@type":"ReadAction","target":["https:\/\/www.last-gamer.com\/about-us\/"]}]},{"@type":"BreadcrumbList","@id":"https:\/\/www.last-gamer.com\/about-us\/#breadcrumb","itemListElement":[{"@type":"ListItem","position":1,"name":"\u0413\u043b\u0430\u0432\u043d\u0430\u044f \u0441\u0442\u0440\u0430\u043d\u0438\u0446\u0430","item":"https:\/\/www.last-gamer.com\/"},{"@type":"ListItem","position":2,"name":"\u041e \u043d\u0430\u0441"}]},{"@type":"WebSite","@id":"https:\/\/www.last-gamer.com\/#website","url":"https:\/\/www.last-gamer.com\/","name":"","description":"","potentialAction":[{"@type":"SearchAction","target":{"@type":"EntryPoint","urlTemplate":"https:\/\/www.last-gamer.com\/?s={search_term_string}"},"query-input":"required name=search_term_string"}],"inLanguage":"fr-FR"}]}},"_links":{"self":[{"href":"https:\/\/www.last-gamer.com\/fr\/wp-json\/wp\/v2\/pages\/852","targetHints":{"allow":["GET"]}}],"collection":[{"href":"https:\/\/www.last-gamer.com\/fr\/wp-json\/wp\/v2\/pages"}],"about":[{"href":"https:\/\/www.last-gamer.com\/fr\/wp-json\/wp\/v2\/types\/page"}],"author":[{"embeddable":true,"href":"https:\/\/www.last-gamer.com\/fr\/wp-json\/wp\/v2\/users\/1"}],"replies":[{"embeddable":true,"href":"https:\/\/www.last-gamer.com\/fr\/wp-json\/wp\/v2\/comments?post=852"}],"version-history":[{"count":0,"href":"https:\/\/www.last-gamer.com\/fr\/wp-json\/wp\/v2\/pages\/852\/revisions"}],"wp:attachment":[{"href":"https:\/\/www.last-gamer.com\/fr\/wp-json\/wp\/v2\/media?parent=852"}],"curies":[{"name":"wp","href":"https:\/\/api.w.org\/{rel}","templated":true}]}}