{"id":877,"date":"2023-09-06T23:34:28","date_gmt":"2023-09-06T20:34:28","guid":{"rendered":"https:\/\/www.last-gamer.com\/?page_id=877"},"modified":"2023-09-06T23:36:08","modified_gmt":"2023-09-06T20:36:08","slug":"contacts","status":"publish","type":"page","link":"https:\/\/www.last-gamer.com\/nb\/contacts\/","title":{"rendered":"Kontaktpersoner"},"content":{"rendered":"<h1 class=\"wp-block-heading\">Kontaktpersoner<\/h1>\n\n\n\n<p>Du kan ta kontakt med teamet v\u00e5rt p\u00e5 flere m\u00e5ter. I tillegg til \u00e5 sende oss en e-post eller fylle ut tilbakemeldingsskjemaet p\u00e5 nettstedet v\u00e5rt, kan du ogs\u00e5 kontakte oss via v\u00e5re sosiale medier. Teamet v\u00e5rt er alltid tilgjengelig for \u00e5 svare p\u00e5 sp\u00f8rsm\u00e5l og diskutere eventuelle forslag eller kommentarer.<\/p>\n<div class=\"author-card author-card--top\"><img alt='Jegor Fedorov' src='https:\/\/www.last-gamer.com\/wp-content\/uploads\/2023\/04\/cropped-Yegor-Fedorov-130x130.jpg' srcset='https:\/\/www.last-gamer.com\/wp-content\/uploads\/2023\/04\/cropped-Yegor-Fedorov-260x260.jpg 2x' class='avatar avatar-130 photo' height='130' width='130' \/><div class=\"author-content text-md-center\"><span class=\"author-title\">Forfatter:<\/span> <a href=\"https:\/\/www.last-gamer.com\/nb\/author\/yegor-fedorov\/\" class=\"author-name\">Egor Fedorov<\/a><p class=\"author__details\">Egor brenner for str\u00f8mming p\u00e5 nettkasino og for \u00e5 dele sin ekspertise innen spilleautomater og poker med publikum. I tillegg til sitt arbeid som str\u00f8mmer og kursholder anmelder han ogs\u00e5 andre str\u00f8mmere p\u00e5 nettkasinoer og gir \u00e6rlig tilbakemelding og kritikk.<\/p><\/div><!-- \/.author-content --><\/div>","protected":false},"excerpt":{"rendered":"<p>Kontakt oss Du kan ta kontakt med teamet v\u00e5rt p\u00e5 flere m\u00e5ter. I tillegg til \u00e5 sende oss en e-post eller fylle ut tilbakemeldingsskjemaet p\u00e5 nettstedet v\u00e5rt, kan du ogs\u00e5 kontakte oss via v\u00e5re sosiale medier. Teamet v\u00e5rt er alltid klar til \u00e5 svare p\u00e5 sp\u00f8rsm\u00e5lene dine og diskutere eventuelle forslag eller kommentarer. Forfatter: Egor Fedorov Egor er lidenskapelig opptatt av str\u00f8mming [....].<\/p>","protected":false},"author":3,"featured_media":0,"parent":0,"menu_order":0,"comment_status":"closed","ping_status":"closed","template":"","meta":{"footnotes":""},"class_list":["post-877","page","type-page","status-publish","hentry"],"acf":[],"yoast_head":"<!-- This site is optimized with the Yoast SEO plugin v22.3 - https:\/\/yoast.com\/wordpress\/plugins\/seo\/ -->\n<title>\u041a\u043e\u043d\u0442\u0430\u043a\u0442\u044b -<\/title>\n<meta name=\"robots\" content=\"index, follow, max-snippet:-1, max-image-preview:large, max-video-preview:-1\" \/>\n<link rel=\"canonical\" href=\"https:\/\/www.last-gamer.com\/nb\/contacts\/\" \/>\n<meta property=\"og:locale\" content=\"nb_NO\" \/>\n<meta property=\"og:type\" content=\"article\" \/>\n<meta property=\"og:title\" content=\"\u041a\u043e\u043d\u0442\u0430\u043a\u0442\u044b -\" \/>\n<meta property=\"og:description\" content=\"\u041a\u043e\u043d\u0442\u0430\u043a\u0442\u044b \u0427\u0442\u043e\u0431\u044b \u0441\u0432\u044f\u0437\u0430\u0442\u044c\u0441\u044f \u0441 \u043d\u0430\u0448\u0435\u0439 \u043a\u043e\u043c\u0430\u043d\u0434\u043e\u0439, \u0432\u044b \u043c\u043e\u0436\u0435\u0442\u0435 \u0432\u043e\u0441\u043f\u043e\u043b\u044c\u0437\u043e\u0432\u0430\u0442\u044c\u0441\u044f \u043d\u0435\u0441\u043a\u043e\u043b\u044c\u043a\u0438\u043c\u0438 \u0441\u043f\u043e\u0441\u043e\u0431\u0430\u043c\u0438. \u041f\u043e\u043c\u0438\u043c\u043e \u043d\u0430\u043f\u0438\u0441\u0430\u043d\u0438\u044f \u043d\u0430\u043c \u043d\u0430 \u044d\u043b\u0435\u043a\u0442\u0440\u043e\u043d\u043d\u0443\u044e \u043f\u043e\u0447\u0442\u0443 \u0438\u043b\u0438 \u0437\u0430\u043f\u043e\u043b\u043d\u0435\u043d\u0438\u044f \u0444\u043e\u0440\u043c\u044b \u043e\u0431\u0440\u0430\u0442\u043d\u043e\u0439 \u0441\u0432\u044f\u0437\u0438 \u043d\u0430 \u043d\u0430\u0448\u0435\u043c \u0441\u0430\u0439\u0442\u0435, \u0432\u044b \u0442\u0430\u043a\u0436\u0435 \u043c\u043e\u0436\u0435\u0442\u0435 \u0441\u0432\u044f\u0437\u0430\u0442\u044c\u0441\u044f \u0441 \u043d\u0430\u043c\u0438 \u0447\u0435\u0440\u0435\u0437 \u043d\u0430\u0448\u0438 \u0441\u043e\u0446\u0438\u0430\u043b\u044c\u043d\u044b\u0435 \u0441\u0435\u0442\u0438. \u041d\u0430\u0448\u0430 \u043a\u043e\u043c\u0430\u043d\u0434\u0430 \u0432\u0441\u0435\u0433\u0434\u0430 \u0433\u043e\u0442\u043e\u0432\u0430 \u043e\u0442\u0432\u0435\u0442\u0438\u0442\u044c \u043d\u0430 \u0432\u0430\u0448\u0438 \u0432\u043e\u043f\u0440\u043e\u0441\u044b \u0438 \u043e\u0431\u0441\u0443\u0434\u0438\u0442\u044c \u043b\u044e\u0431\u044b\u0435 \u043f\u0440\u0435\u0434\u043b\u043e\u0436\u0435\u043d\u0438\u044f \u0438\u043b\u0438 \u0437\u0430\u043c\u0435\u0447\u0430\u043d\u0438\u044f. Author: \u0415\u0433\u043e\u0440 \u0424\u0435\u0434\u043e\u0440\u043e\u0432 \u0415\u0433\u043e\u0440 \u0443\u0432\u043b\u0435\u043a\u0430\u0435\u0442\u0441\u044f \u0441\u0442\u0440\u0438\u043c\u0438\u043d\u0433\u043e\u043c [&hellip;]\" \/>\n<meta property=\"og:url\" content=\"https:\/\/www.last-gamer.com\/nb\/contacts\/\" \/>\n<meta property=\"article:modified_time\" content=\"2023-09-06T20:36:08+00:00\" \/>\n<meta name=\"twitter:card\" content=\"summary_large_image\" \/>\n<meta name=\"twitter:label1\" content=\"Ansl. lesetid\" \/>\n\t<meta name=\"twitter:data1\" content=\"1 minutt\" \/>\n<script type=\"application\/ld+json\" class=\"yoast-schema-graph\">{\"@context\":\"https:\/\/schema.org\",\"@graph\":[{\"@type\":\"WebPage\",\"@id\":\"https:\/\/www.last-gamer.com\/contacts\/\",\"url\":\"https:\/\/www.last-gamer.com\/contacts\/\",\"name\":\"\u041a\u043e\u043d\u0442\u0430\u043a\u0442\u044b -\",\"isPartOf\":{\"@id\":\"https:\/\/www.last-gamer.com\/#website\"},\"datePublished\":\"2023-09-06T20:34:28+00:00\",\"dateModified\":\"2023-09-06T20:36:08+00:00\",\"breadcrumb\":{\"@id\":\"https:\/\/www.last-gamer.com\/contacts\/#breadcrumb\"},\"inLanguage\":\"nb-NO\",\"potentialAction\":[{\"@type\":\"ReadAction\",\"target\":[\"https:\/\/www.last-gamer.com\/contacts\/\"]}]},{\"@type\":\"BreadcrumbList\",\"@id\":\"https:\/\/www.last-gamer.com\/contacts\/#breadcrumb\",\"itemListElement\":[{\"@type\":\"ListItem\",\"position\":1,\"name\":\"\u0413\u043b\u0430\u0432\u043d\u0430\u044f \u0441\u0442\u0440\u0430\u043d\u0438\u0446\u0430\",\"item\":\"https:\/\/www.last-gamer.com\/\"},{\"@type\":\"ListItem\",\"position\":2,\"name\":\"\u041a\u043e\u043d\u0442\u0430\u043a\u0442\u044b\"}]},{\"@type\":\"WebSite\",\"@id\":\"https:\/\/www.last-gamer.com\/#website\",\"url\":\"https:\/\/www.last-gamer.com\/\",\"name\":\"\",\"description\":\"\",\"potentialAction\":[{\"@type\":\"SearchAction\",\"target\":{\"@type\":\"EntryPoint\",\"urlTemplate\":\"https:\/\/www.last-gamer.com\/?s={search_term_string}\"},\"query-input\":\"required name=search_term_string\"}],\"inLanguage\":\"nb-NO\"}]}<\/script>\n<!-- \/ Yoast SEO plugin. -->","yoast_head_json":{"title":"\u041a\u043e\u043d\u0442\u0430\u043a\u0442\u044b -","robots":{"index":"index","follow":"follow","max-snippet":"max-snippet:-1","max-image-preview":"max-image-preview:large","max-video-preview":"max-video-preview:-1"},"canonical":"https:\/\/www.last-gamer.com\/nb\/contacts\/","og_locale":"nb_NO","og_type":"article","og_title":"\u041a\u043e\u043d\u0442\u0430\u043a\u0442\u044b -","og_description":"\u041a\u043e\u043d\u0442\u0430\u043a\u0442\u044b \u0427\u0442\u043e\u0431\u044b \u0441\u0432\u044f\u0437\u0430\u0442\u044c\u0441\u044f \u0441 \u043d\u0430\u0448\u0435\u0439 \u043a\u043e\u043c\u0430\u043d\u0434\u043e\u0439, \u0432\u044b \u043c\u043e\u0436\u0435\u0442\u0435 \u0432\u043e\u0441\u043f\u043e\u043b\u044c\u0437\u043e\u0432\u0430\u0442\u044c\u0441\u044f \u043d\u0435\u0441\u043a\u043e\u043b\u044c\u043a\u0438\u043c\u0438 \u0441\u043f\u043e\u0441\u043e\u0431\u0430\u043c\u0438. \u041f\u043e\u043c\u0438\u043c\u043e \u043d\u0430\u043f\u0438\u0441\u0430\u043d\u0438\u044f \u043d\u0430\u043c \u043d\u0430 \u044d\u043b\u0435\u043a\u0442\u0440\u043e\u043d\u043d\u0443\u044e \u043f\u043e\u0447\u0442\u0443 \u0438\u043b\u0438 \u0437\u0430\u043f\u043e\u043b\u043d\u0435\u043d\u0438\u044f \u0444\u043e\u0440\u043c\u044b \u043e\u0431\u0440\u0430\u0442\u043d\u043e\u0439 \u0441\u0432\u044f\u0437\u0438 \u043d\u0430 \u043d\u0430\u0448\u0435\u043c \u0441\u0430\u0439\u0442\u0435, \u0432\u044b \u0442\u0430\u043a\u0436\u0435 \u043c\u043e\u0436\u0435\u0442\u0435 \u0441\u0432\u044f\u0437\u0430\u0442\u044c\u0441\u044f \u0441 \u043d\u0430\u043c\u0438 \u0447\u0435\u0440\u0435\u0437 \u043d\u0430\u0448\u0438 \u0441\u043e\u0446\u0438\u0430\u043b\u044c\u043d\u044b\u0435 \u0441\u0435\u0442\u0438. \u041d\u0430\u0448\u0430 \u043a\u043e\u043c\u0430\u043d\u0434\u0430 \u0432\u0441\u0435\u0433\u0434\u0430 \u0433\u043e\u0442\u043e\u0432\u0430 \u043e\u0442\u0432\u0435\u0442\u0438\u0442\u044c \u043d\u0430 \u0432\u0430\u0448\u0438 \u0432\u043e\u043f\u0440\u043e\u0441\u044b \u0438 \u043e\u0431\u0441\u0443\u0434\u0438\u0442\u044c \u043b\u044e\u0431\u044b\u0435 \u043f\u0440\u0435\u0434\u043b\u043e\u0436\u0435\u043d\u0438\u044f \u0438\u043b\u0438 \u0437\u0430\u043c\u0435\u0447\u0430\u043d\u0438\u044f. Author: \u0415\u0433\u043e\u0440 \u0424\u0435\u0434\u043e\u0440\u043e\u0432 \u0415\u0433\u043e\u0440 \u0443\u0432\u043b\u0435\u043a\u0430\u0435\u0442\u0441\u044f \u0441\u0442\u0440\u0438\u043c\u0438\u043d\u0433\u043e\u043c [&hellip;]","og_url":"https:\/\/www.last-gamer.com\/nb\/contacts\/","article_modified_time":"2023-09-06T20:36:08+00:00","twitter_card":"summary_large_image","twitter_misc":{"Ansl. lesetid":"1 minutt"},"schema":{"@context":"https:\/\/schema.org","@graph":[{"@type":"WebPage","@id":"https:\/\/www.last-gamer.com\/contacts\/","url":"https:\/\/www.last-gamer.com\/contacts\/","name":"\u041a\u043e\u043d\u0442\u0430\u043a\u0442\u044b -","isPartOf":{"@id":"https:\/\/www.last-gamer.com\/#website"},"datePublished":"2023-09-06T20:34:28+00:00","dateModified":"2023-09-06T20:36:08+00:00","breadcrumb":{"@id":"https:\/\/www.last-gamer.com\/contacts\/#breadcrumb"},"inLanguage":"nb-NO","potentialAction":[{"@type":"ReadAction","target":["https:\/\/www.last-gamer.com\/contacts\/"]}]},{"@type":"BreadcrumbList","@id":"https:\/\/www.last-gamer.com\/contacts\/#breadcrumb","itemListElement":[{"@type":"ListItem","position":1,"name":"\u0413\u043b\u0430\u0432\u043d\u0430\u044f \u0441\u0442\u0440\u0430\u043d\u0438\u0446\u0430","item":"https:\/\/www.last-gamer.com\/"},{"@type":"ListItem","position":2,"name":"\u041a\u043e\u043d\u0442\u0430\u043a\u0442\u044b"}]},{"@type":"WebSite","@id":"https:\/\/www.last-gamer.com\/#website","url":"https:\/\/www.last-gamer.com\/","name":"","description":"","potentialAction":[{"@type":"SearchAction","target":{"@type":"EntryPoint","urlTemplate":"https:\/\/www.last-gamer.com\/?s={search_term_string}"},"query-input":"required name=search_term_string"}],"inLanguage":"nb-NO"}]}},"_links":{"self":[{"href":"https:\/\/www.last-gamer.com\/nb\/wp-json\/wp\/v2\/pages\/877","targetHints":{"allow":["GET"]}}],"collection":[{"href":"https:\/\/www.last-gamer.com\/nb\/wp-json\/wp\/v2\/pages"}],"about":[{"href":"https:\/\/www.last-gamer.com\/nb\/wp-json\/wp\/v2\/types\/page"}],"author":[{"embeddable":true,"href":"https:\/\/www.last-gamer.com\/nb\/wp-json\/wp\/v2\/users\/3"}],"replies":[{"embeddable":true,"href":"https:\/\/www.last-gamer.com\/nb\/wp-json\/wp\/v2\/comments?post=877"}],"version-history":[{"count":0,"href":"https:\/\/www.last-gamer.com\/nb\/wp-json\/wp\/v2\/pages\/877\/revisions"}],"wp:attachment":[{"href":"https:\/\/www.last-gamer.com\/nb\/wp-json\/wp\/v2\/media?parent=877"}],"curies":[{"name":"wp","href":"https:\/\/api.w.org\/{rel}","templated":true}]}}