{"id":852,"date":"2023-09-06T23:32:47","date_gmt":"2023-09-06T20:32:47","guid":{"rendered":"https:\/\/www.last-gamer.com\/?page_id=852"},"modified":"2023-09-06T23:32:48","modified_gmt":"2023-09-06T20:32:48","slug":"about-us","status":"publish","type":"page","link":"https:\/\/www.last-gamer.com\/sv\/about-us\/","title":{"rendered":"Om oss"},"content":{"rendered":"<p>Vi \u00e4r ett team av entusiaster som brinner f\u00f6r spel- och kasinov\u00e4rlden. P\u00e5 v\u00e5r webbplats har vi samlat information om de mest popul\u00e4ra streamers som s\u00e4nder onlinespel p\u00e5 olika platser, samt de kasinon d\u00e4r de spelar. Vi f\u00f6rs\u00f6ker f\u00f6rse v\u00e5ra anv\u00e4ndare med den mest kompletta och tillf\u00f6rlitliga informationen om de som \u00e4r ledande inom spelindustrin. Dessutom erbjuder vi v\u00e5ra l\u00e4sare recensioner och rekommendationer om de mest popul\u00e4ra spelen, samt dela hemligheterna i deras passage. Vi \u00e4r s\u00e4kra p\u00e5 att v\u00e5r webbplats kommer att bli en oumb\u00e4rlig assistent f\u00f6r dem som vill vara medvetna om de senaste nyheterna i v\u00e4rlden av online-kasinon och f\u00e5 maximal njutning av spelet.<\/p>\n\n\n\n<h2 class=\"wp-block-heading\">V\u00e5rt uppdrag<\/h2>\n\n\n\n<p>V\u00e5rt uppdrag \u00e4r att hj\u00e4lpa v\u00e5ra anv\u00e4ndare att g\u00f6ra r\u00e4tt val n\u00e4r de v\u00e4ljer onlinekasinon och spel. Vi str\u00e4var efter att endast tillhandah\u00e5lla kvalitativ och tillf\u00f6rlitlig information s\u00e5 att v\u00e5ra l\u00e4sare kan njuta av spelandet p\u00e5 ett s\u00e4kert och tryggt s\u00e4tt. Vi vill ocks\u00e5 f\u00f6rb\u00e4ttra den \u00f6vergripande spelkulturen och ge v\u00e5ra anv\u00e4ndare m\u00f6jlighet att umg\u00e5s och dela sina erfarenheter med andra spelentusiaster.<\/p>\n\n\n\n<h2 class=\"wp-block-heading\">V\u00e5ra planer<\/h2>\n\n\n\n<p>Vi har ett otroligt ambiti\u00f6st projekt som vi arbetar med, med m\u00e5let att sj\u00e4lvst\u00e4ndigt sp\u00e5ra all streamerrelaterad statistik och dela denna information med v\u00e5ra l\u00e4sare. V\u00e5rt team inser den enorma betydelsen av data f\u00f6r att f\u00f6rst\u00e5 streamingbranschen, och vi str\u00e4var efter att tillhandah\u00e5lla s\u00e5 omfattande och korrekt information som m\u00f6jligt. Genom att samla in data om visningar, antal prenumeranter, engagemang i sociala medier och mycket mer hoppas vi kunna ge v\u00e5ra l\u00e4sare de verktyg de beh\u00f6ver f\u00f6r att fatta v\u00e4lgrundade beslut om sin egen streamingaktivitet. Dessutom planerar vi att anv\u00e4nda dessa data f\u00f6r att identifiera trender och m\u00f6nster i branschen, samt utveckla nya strategier f\u00f6r tillv\u00e4xt och framg\u00e5ng i streaminggemenskapen. Med v\u00e5r omfattande kunskap och erfarenhet \u00e4r vi \u00f6vertygade om att vi kan revolutionera hur streamers n\u00e4rmar sig sitt hantverk och uppn\u00e5r sina m\u00e5l.<\/p>\n<div class=\"author-card author-card--top\"><img alt='' src='https:\/\/secure.gravatar.com\/avatar\/aca1c782526bc85b58f0ae7e9d8bc9c64af59e18fb912e7419fa453fb776d06e?s=130&#038;d%5Bclass%5D%5B0%5D=author-image&#038;r=g' srcset='https:\/\/secure.gravatar.com\/avatar\/aca1c782526bc85b58f0ae7e9d8bc9c64af59e18fb912e7419fa453fb776d06e?s=260&#038;d%5Bclass%5D%5B0%5D=author-image&#038;r=g 2x' class='avatar avatar-130 photo' height='130' width='130' \/><div class=\"author-content text-md-center\"><span class=\"author-title\">F\u00f6rfattare:<\/span> <a href=\"https:\/\/www.last-gamer.com\/sv\/author\/casino-user\/\" class=\"author-name\">casino-anv\u00e4ndare<\/a><\/div><!-- \/.author-content --><\/div>","protected":false},"excerpt":{"rendered":"<p>Vi \u00e4r ett team av entusiaster som brinner f\u00f6r spel- och kasinov\u00e4rlden. P\u00e5 v\u00e5r webbplats har vi samlat information om de mest popul\u00e4ra streamarna som s\u00e4nder onlinespel p\u00e5 olika platser, samt de kasinon d\u00e4r de spelar. Vi f\u00f6rs\u00f6ker ge v\u00e5ra anv\u00e4ndare den mest kompletta och tillf\u00f6rlitliga informationen om de som \u00e4r ledande inom spelv\u00e4rlden [...].<\/p>","protected":false},"author":1,"featured_media":0,"parent":0,"menu_order":0,"comment_status":"closed","ping_status":"closed","template":"","meta":{"footnotes":""},"class_list":["post-852","page","type-page","status-publish","hentry"],"acf":[],"yoast_head":"<!-- This site is optimized with the Yoast SEO plugin v22.3 - https:\/\/yoast.com\/wordpress\/plugins\/seo\/ -->\n<title>\u041e \u043d\u0430\u0441 -<\/title>\n<meta name=\"robots\" content=\"index, follow, max-snippet:-1, max-image-preview:large, max-video-preview:-1\" \/>\n<link rel=\"canonical\" href=\"https:\/\/www.last-gamer.com\/sv\/about-us\/\" \/>\n<meta property=\"og:locale\" content=\"sv_SE\" \/>\n<meta property=\"og:type\" content=\"article\" \/>\n<meta property=\"og:title\" content=\"\u041e \u043d\u0430\u0441 -\" \/>\n<meta property=\"og:description\" content=\"\u041c\u044b &#8212; \u043a\u043e\u043c\u0430\u043d\u0434\u0430 \u044d\u043d\u0442\u0443\u0437\u0438\u0430\u0441\u0442\u043e\u0432, \u043a\u043e\u0442\u043e\u0440\u0430\u044f \u0443\u0432\u043b\u0435\u0447\u0435\u043d\u0430 \u043c\u0438\u0440\u043e\u043c \u0430\u0437\u0430\u0440\u0442\u043d\u044b\u0445 \u0438\u0433\u0440 \u0438 \u043a\u0430\u0437\u0438\u043d\u043e. \u041d\u0430 \u043d\u0430\u0448\u0435\u043c \u0432\u0435\u0431-\u0441\u0430\u0439\u0442\u0435 \u043c\u044b \u0441\u043e\u0431\u0440\u0430\u043b\u0438 \u0438\u043d\u0444\u043e\u0440\u043c\u0430\u0446\u0438\u044e \u043e \u0441\u0430\u043c\u044b\u0445 \u043f\u043e\u043f\u0443\u043b\u044f\u0440\u043d\u044b\u0445 \u0441\u0442\u0440\u0438\u043c\u0435\u0440\u0430\u0445, \u043a\u043e\u0442\u043e\u0440\u044b\u0435 \u0432\u0435\u0434\u0443\u0442 \u043e\u043d\u043b\u0430\u0439\u043d \u0442\u0440\u0430\u043d\u0441\u043b\u044f\u0446\u0438\u0438 \u0438\u0433\u0440 \u043d\u0430 \u0440\u0430\u0437\u043b\u0438\u0447\u043d\u044b\u0445 \u043f\u043b\u043e\u0449\u0430\u0434\u043a\u0430\u0445, \u0430 \u0442\u0430\u043a\u0436\u0435 \u043e \u0442\u0435\u0445 \u043a\u0430\u0437\u0438\u043d\u043e, \u0433\u0434\u0435 \u043e\u043d\u0438 \u0438\u0433\u0440\u0430\u044e\u0442. \u041c\u044b \u0441\u0442\u0430\u0440\u0430\u0435\u043c\u0441\u044f \u043f\u0440\u0435\u0434\u043e\u0441\u0442\u0430\u0432\u0438\u0442\u044c \u043d\u0430\u0448\u0438\u043c \u043f\u043e\u043b\u044c\u0437\u043e\u0432\u0430\u0442\u0435\u043b\u044f\u043c \u0441\u0430\u043c\u0443\u044e \u043f\u043e\u043b\u043d\u0443\u044e \u0438 \u0434\u043e\u0441\u0442\u043e\u0432\u0435\u0440\u043d\u0443\u044e \u0438\u043d\u0444\u043e\u0440\u043c\u0430\u0446\u0438\u044e \u043e \u0442\u0435\u0445, \u043a\u0442\u043e \u044f\u0432\u043b\u044f\u0435\u0442\u0441\u044f \u043b\u0438\u0434\u0435\u0440\u043e\u043c \u0432 \u043c\u0438\u0440\u0435 \u0438\u0433\u0440\u043e\u0432\u043e\u0439 [&hellip;]\" \/>\n<meta property=\"og:url\" content=\"https:\/\/www.last-gamer.com\/sv\/about-us\/\" \/>\n<meta property=\"article:modified_time\" content=\"2023-09-06T20:32:48+00:00\" \/>\n<meta name=\"twitter:card\" content=\"summary_large_image\" \/>\n<meta name=\"twitter:label1\" content=\"Ber\u00e4knad l\u00e4stid\" \/>\n\t<meta name=\"twitter:data1\" content=\"2 minuter\" \/>\n<script type=\"application\/ld+json\" class=\"yoast-schema-graph\">{\"@context\":\"https:\/\/schema.org\",\"@graph\":[{\"@type\":\"WebPage\",\"@id\":\"https:\/\/www.last-gamer.com\/about-us\/\",\"url\":\"https:\/\/www.last-gamer.com\/about-us\/\",\"name\":\"\u041e \u043d\u0430\u0441 -\",\"isPartOf\":{\"@id\":\"https:\/\/www.last-gamer.com\/#website\"},\"datePublished\":\"2023-09-06T20:32:47+00:00\",\"dateModified\":\"2023-09-06T20:32:48+00:00\",\"breadcrumb\":{\"@id\":\"https:\/\/www.last-gamer.com\/about-us\/#breadcrumb\"},\"inLanguage\":\"sv-SE\",\"potentialAction\":[{\"@type\":\"ReadAction\",\"target\":[\"https:\/\/www.last-gamer.com\/about-us\/\"]}]},{\"@type\":\"BreadcrumbList\",\"@id\":\"https:\/\/www.last-gamer.com\/about-us\/#breadcrumb\",\"itemListElement\":[{\"@type\":\"ListItem\",\"position\":1,\"name\":\"\u0413\u043b\u0430\u0432\u043d\u0430\u044f \u0441\u0442\u0440\u0430\u043d\u0438\u0446\u0430\",\"item\":\"https:\/\/www.last-gamer.com\/\"},{\"@type\":\"ListItem\",\"position\":2,\"name\":\"\u041e \u043d\u0430\u0441\"}]},{\"@type\":\"WebSite\",\"@id\":\"https:\/\/www.last-gamer.com\/#website\",\"url\":\"https:\/\/www.last-gamer.com\/\",\"name\":\"\",\"description\":\"\",\"potentialAction\":[{\"@type\":\"SearchAction\",\"target\":{\"@type\":\"EntryPoint\",\"urlTemplate\":\"https:\/\/www.last-gamer.com\/?s={search_term_string}\"},\"query-input\":\"required name=search_term_string\"}],\"inLanguage\":\"sv-SE\"}]}<\/script>\n<!-- \/ Yoast SEO plugin. -->","yoast_head_json":{"title":"\u041e \u043d\u0430\u0441 -","robots":{"index":"index","follow":"follow","max-snippet":"max-snippet:-1","max-image-preview":"max-image-preview:large","max-video-preview":"max-video-preview:-1"},"canonical":"https:\/\/www.last-gamer.com\/sv\/about-us\/","og_locale":"sv_SE","og_type":"article","og_title":"\u041e \u043d\u0430\u0441 -","og_description":"\u041c\u044b &#8212; \u043a\u043e\u043c\u0430\u043d\u0434\u0430 \u044d\u043d\u0442\u0443\u0437\u0438\u0430\u0441\u0442\u043e\u0432, \u043a\u043e\u0442\u043e\u0440\u0430\u044f \u0443\u0432\u043b\u0435\u0447\u0435\u043d\u0430 \u043c\u0438\u0440\u043e\u043c \u0430\u0437\u0430\u0440\u0442\u043d\u044b\u0445 \u0438\u0433\u0440 \u0438 \u043a\u0430\u0437\u0438\u043d\u043e. \u041d\u0430 \u043d\u0430\u0448\u0435\u043c \u0432\u0435\u0431-\u0441\u0430\u0439\u0442\u0435 \u043c\u044b \u0441\u043e\u0431\u0440\u0430\u043b\u0438 \u0438\u043d\u0444\u043e\u0440\u043c\u0430\u0446\u0438\u044e \u043e \u0441\u0430\u043c\u044b\u0445 \u043f\u043e\u043f\u0443\u043b\u044f\u0440\u043d\u044b\u0445 \u0441\u0442\u0440\u0438\u043c\u0435\u0440\u0430\u0445, \u043a\u043e\u0442\u043e\u0440\u044b\u0435 \u0432\u0435\u0434\u0443\u0442 \u043e\u043d\u043b\u0430\u0439\u043d \u0442\u0440\u0430\u043d\u0441\u043b\u044f\u0446\u0438\u0438 \u0438\u0433\u0440 \u043d\u0430 \u0440\u0430\u0437\u043b\u0438\u0447\u043d\u044b\u0445 \u043f\u043b\u043e\u0449\u0430\u0434\u043a\u0430\u0445, \u0430 \u0442\u0430\u043a\u0436\u0435 \u043e \u0442\u0435\u0445 \u043a\u0430\u0437\u0438\u043d\u043e, \u0433\u0434\u0435 \u043e\u043d\u0438 \u0438\u0433\u0440\u0430\u044e\u0442. \u041c\u044b \u0441\u0442\u0430\u0440\u0430\u0435\u043c\u0441\u044f \u043f\u0440\u0435\u0434\u043e\u0441\u0442\u0430\u0432\u0438\u0442\u044c \u043d\u0430\u0448\u0438\u043c \u043f\u043e\u043b\u044c\u0437\u043e\u0432\u0430\u0442\u0435\u043b\u044f\u043c \u0441\u0430\u043c\u0443\u044e \u043f\u043e\u043b\u043d\u0443\u044e \u0438 \u0434\u043e\u0441\u0442\u043e\u0432\u0435\u0440\u043d\u0443\u044e \u0438\u043d\u0444\u043e\u0440\u043c\u0430\u0446\u0438\u044e \u043e \u0442\u0435\u0445, \u043a\u0442\u043e \u044f\u0432\u043b\u044f\u0435\u0442\u0441\u044f \u043b\u0438\u0434\u0435\u0440\u043e\u043c \u0432 \u043c\u0438\u0440\u0435 \u0438\u0433\u0440\u043e\u0432\u043e\u0439 [&hellip;]","og_url":"https:\/\/www.last-gamer.com\/sv\/about-us\/","article_modified_time":"2023-09-06T20:32:48+00:00","twitter_card":"summary_large_image","twitter_misc":{"Ber\u00e4knad l\u00e4stid":"2 minuter"},"schema":{"@context":"https:\/\/schema.org","@graph":[{"@type":"WebPage","@id":"https:\/\/www.last-gamer.com\/about-us\/","url":"https:\/\/www.last-gamer.com\/about-us\/","name":"\u041e \u043d\u0430\u0441 -","isPartOf":{"@id":"https:\/\/www.last-gamer.com\/#website"},"datePublished":"2023-09-06T20:32:47+00:00","dateModified":"2023-09-06T20:32:48+00:00","breadcrumb":{"@id":"https:\/\/www.last-gamer.com\/about-us\/#breadcrumb"},"inLanguage":"sv-SE","potentialAction":[{"@type":"ReadAction","target":["https:\/\/www.last-gamer.com\/about-us\/"]}]},{"@type":"BreadcrumbList","@id":"https:\/\/www.last-gamer.com\/about-us\/#breadcrumb","itemListElement":[{"@type":"ListItem","position":1,"name":"\u0413\u043b\u0430\u0432\u043d\u0430\u044f \u0441\u0442\u0440\u0430\u043d\u0438\u0446\u0430","item":"https:\/\/www.last-gamer.com\/"},{"@type":"ListItem","position":2,"name":"\u041e \u043d\u0430\u0441"}]},{"@type":"WebSite","@id":"https:\/\/www.last-gamer.com\/#website","url":"https:\/\/www.last-gamer.com\/","name":"","description":"","potentialAction":[{"@type":"SearchAction","target":{"@type":"EntryPoint","urlTemplate":"https:\/\/www.last-gamer.com\/?s={search_term_string}"},"query-input":"required name=search_term_string"}],"inLanguage":"sv-SE"}]}},"_links":{"self":[{"href":"https:\/\/www.last-gamer.com\/sv\/wp-json\/wp\/v2\/pages\/852","targetHints":{"allow":["GET"]}}],"collection":[{"href":"https:\/\/www.last-gamer.com\/sv\/wp-json\/wp\/v2\/pages"}],"about":[{"href":"https:\/\/www.last-gamer.com\/sv\/wp-json\/wp\/v2\/types\/page"}],"author":[{"embeddable":true,"href":"https:\/\/www.last-gamer.com\/sv\/wp-json\/wp\/v2\/users\/1"}],"replies":[{"embeddable":true,"href":"https:\/\/www.last-gamer.com\/sv\/wp-json\/wp\/v2\/comments?post=852"}],"version-history":[{"count":0,"href":"https:\/\/www.last-gamer.com\/sv\/wp-json\/wp\/v2\/pages\/852\/revisions"}],"wp:attachment":[{"href":"https:\/\/www.last-gamer.com\/sv\/wp-json\/wp\/v2\/media?parent=852"}],"curies":[{"name":"wp","href":"https:\/\/api.w.org\/{rel}","templated":true}]}}