{"id":852,"date":"2023-09-06T23:32:47","date_gmt":"2023-09-06T20:32:47","guid":{"rendered":"https:\/\/www.last-gamer.com\/?page_id=852"},"modified":"2023-09-06T23:32:48","modified_gmt":"2023-09-06T20:32:48","slug":"about-us","status":"publish","type":"page","link":"https:\/\/www.last-gamer.com\/tr\/about-us\/","title":{"rendered":"Hakk\u0131m\u0131zda"},"content":{"rendered":"<p>Biz kumar ve casino d\u00fcnyas\u0131na tutkuyla ba\u011fl\u0131 bir ekibiz. Web sitemizde, \u00e7e\u015fitli mekanlarda \u00e7evrimi\u00e7i oyun yay\u0131nlayan en pop\u00fcler yay\u0131nc\u0131lar ve oynad\u0131klar\u0131 casinolar hakk\u0131nda bilgi toplad\u0131k. Kullan\u0131c\u0131lar\u0131m\u0131za oyun end\u00fcstrisi d\u00fcnyas\u0131nda lider olan ki\u015filer hakk\u0131nda en eksiksiz ve g\u00fcvenilir bilgileri sa\u011flamaya \u00e7al\u0131\u015f\u0131yoruz. Buna ek olarak, okuyucular\u0131m\u0131za en pop\u00fcler oyunlar hakk\u0131nda incelemeler ve \u00f6neriler sunuyoruz ve ge\u00e7i\u015flerinin s\u0131rlar\u0131n\u0131 payla\u015f\u0131yoruz. Sitemizin, online casino d\u00fcnyas\u0131ndaki en son haberlerden haberdar olmak ve oyundan maksimum keyif almak isteyenler i\u00e7in vazge\u00e7ilmez bir yard\u0131mc\u0131 olaca\u011f\u0131ndan eminiz.<\/p>\n\n\n\n<h2 class=\"wp-block-heading\">Misyonumuz<\/h2>\n\n\n\n<p>Misyonumuz, kullan\u0131c\u0131lar\u0131m\u0131z\u0131n \u00e7evrimi\u00e7i kumarhaneleri ve oyunlar\u0131 se\u00e7erken do\u011fru se\u00e7imi yapmalar\u0131na yard\u0131mc\u0131 olmakt\u0131r. Okuyucular\u0131m\u0131z\u0131n g\u00fcvenli bir \u015fekilde kumar oynaman\u0131n keyfini \u00e7\u0131karabilmeleri i\u00e7in yaln\u0131zca kaliteli ve g\u00fcvenilir bilgiler sa\u011flamaya \u00e7al\u0131\u015f\u0131yoruz. Ayr\u0131ca genel kumar k\u00fclt\u00fcr\u00fcn\u00fc geli\u015ftirmek ve kullan\u0131c\u0131lar\u0131m\u0131za sosyalle\u015fme ve deneyimlerini di\u011fer kumar merakl\u0131lar\u0131yla payla\u015fma f\u0131rsat\u0131 sunmak istiyoruz.<\/p>\n\n\n\n<h2 class=\"wp-block-heading\">Planlar\u0131m\u0131z<\/h2>\n\n\n\n<p>Yay\u0131nc\u0131larla ilgili t\u00fcm istatistikleri ba\u011f\u0131ms\u0131z olarak takip etmek ve bu bilgileri okuyucular\u0131m\u0131zla payla\u015fmak amac\u0131yla \u00fczerinde \u00e7al\u0131\u015ft\u0131\u011f\u0131m\u0131z son derece iddial\u0131 bir projemiz var. Ekibimiz yay\u0131nc\u0131l\u0131k sekt\u00f6r\u00fcn\u00fc anlamada verilerin b\u00fcy\u00fck \u00f6neminin fark\u0131nda ve m\u00fcmk\u00fcn olan en kapsaml\u0131 ve do\u011fru bilgileri sa\u011flamay\u0131 hedefliyoruz. \u0130zlenme, abone say\u0131s\u0131, sosyal medya etkile\u015fimi ve daha fazlas\u0131 hakk\u0131nda veri toplayarak, okuyucular\u0131m\u0131za kendi yay\u0131nc\u0131l\u0131k faaliyetleri hakk\u0131nda bilin\u00e7li kararlar vermeleri i\u00e7in ihtiya\u00e7 duyduklar\u0131 ara\u00e7lar\u0131 sunmay\u0131 umuyoruz. Ayr\u0131ca, bu verileri sekt\u00f6rdeki e\u011filimleri ve kal\u0131plar\u0131 belirlemek ve yay\u0131n toplulu\u011funda b\u00fcy\u00fcme ve ba\u015far\u0131 i\u00e7in yeni stratejiler geli\u015ftirmek i\u00e7in kullanmay\u0131 planl\u0131yoruz. Kapsaml\u0131 bilgi birikimimiz ve deneyimimizle, yay\u0131nc\u0131lar\u0131n zanaatlar\u0131na yakla\u015f\u0131mlar\u0131nda ve hedeflerine ula\u015fma y\u00f6ntemlerinde devrim yaratma yetene\u011fimize g\u00fcveniyoruz.<\/p>\n<div class=\"author-card author-card--top\"><img alt='' src='https:\/\/secure.gravatar.com\/avatar\/aca1c782526bc85b58f0ae7e9d8bc9c64af59e18fb912e7419fa453fb776d06e?s=130&#038;d%5Bclass%5D%5B0%5D=author-image&#038;r=g' srcset='https:\/\/secure.gravatar.com\/avatar\/aca1c782526bc85b58f0ae7e9d8bc9c64af59e18fb912e7419fa453fb776d06e?s=260&#038;d%5Bclass%5D%5B0%5D=author-image&#038;r=g 2x' class='avatar avatar-130 photo' height='130' width='130' \/><div class=\"author-content text-md-center\"><span class=\"author-title\">Yazar:<\/span> <a href=\"https:\/\/www.last-gamer.com\/tr\/author\/casino-user\/\" class=\"author-name\">casino-user<\/a><\/div><!-- \/.author-content --><\/div>","protected":false},"excerpt":{"rendered":"<p>Biz kumar ve casino d\u00fcnyas\u0131na tutkuyla ba\u011fl\u0131 bir ekibiz. Web sitemizde, \u00e7e\u015fitli mekanlarda \u00e7evrimi\u00e7i oyun yay\u0131nlayan en pop\u00fcler yay\u0131nc\u0131lar ve oynad\u0131klar\u0131 kumarhaneler hakk\u0131nda bilgi toplad\u0131k. Kullan\u0131c\u0131lar\u0131m\u0131za oyun d\u00fcnyas\u0131nda lider olan ki\u015filer hakk\u0131nda en eksiksiz ve g\u00fcvenilir bilgileri sunmaya \u00e7al\u0131\u015f\u0131yoruz [...].<\/p>","protected":false},"author":1,"featured_media":0,"parent":0,"menu_order":0,"comment_status":"closed","ping_status":"closed","template":"","meta":{"footnotes":""},"class_list":["post-852","page","type-page","status-publish","hentry"],"acf":[],"yoast_head":"<!-- This site is optimized with the Yoast SEO plugin v22.3 - https:\/\/yoast.com\/wordpress\/plugins\/seo\/ -->\n<title>\u041e \u043d\u0430\u0441 -<\/title>\n<meta name=\"robots\" content=\"index, follow, max-snippet:-1, max-image-preview:large, max-video-preview:-1\" \/>\n<link rel=\"canonical\" href=\"https:\/\/www.last-gamer.com\/tr\/about-us\/\" \/>\n<meta property=\"og:locale\" content=\"tr_TR\" \/>\n<meta property=\"og:type\" content=\"article\" \/>\n<meta property=\"og:title\" content=\"\u041e \u043d\u0430\u0441 -\" \/>\n<meta property=\"og:description\" content=\"\u041c\u044b &#8212; \u043a\u043e\u043c\u0430\u043d\u0434\u0430 \u044d\u043d\u0442\u0443\u0437\u0438\u0430\u0441\u0442\u043e\u0432, \u043a\u043e\u0442\u043e\u0440\u0430\u044f \u0443\u0432\u043b\u0435\u0447\u0435\u043d\u0430 \u043c\u0438\u0440\u043e\u043c \u0430\u0437\u0430\u0440\u0442\u043d\u044b\u0445 \u0438\u0433\u0440 \u0438 \u043a\u0430\u0437\u0438\u043d\u043e. \u041d\u0430 \u043d\u0430\u0448\u0435\u043c \u0432\u0435\u0431-\u0441\u0430\u0439\u0442\u0435 \u043c\u044b \u0441\u043e\u0431\u0440\u0430\u043b\u0438 \u0438\u043d\u0444\u043e\u0440\u043c\u0430\u0446\u0438\u044e \u043e \u0441\u0430\u043c\u044b\u0445 \u043f\u043e\u043f\u0443\u043b\u044f\u0440\u043d\u044b\u0445 \u0441\u0442\u0440\u0438\u043c\u0435\u0440\u0430\u0445, \u043a\u043e\u0442\u043e\u0440\u044b\u0435 \u0432\u0435\u0434\u0443\u0442 \u043e\u043d\u043b\u0430\u0439\u043d \u0442\u0440\u0430\u043d\u0441\u043b\u044f\u0446\u0438\u0438 \u0438\u0433\u0440 \u043d\u0430 \u0440\u0430\u0437\u043b\u0438\u0447\u043d\u044b\u0445 \u043f\u043b\u043e\u0449\u0430\u0434\u043a\u0430\u0445, \u0430 \u0442\u0430\u043a\u0436\u0435 \u043e \u0442\u0435\u0445 \u043a\u0430\u0437\u0438\u043d\u043e, \u0433\u0434\u0435 \u043e\u043d\u0438 \u0438\u0433\u0440\u0430\u044e\u0442. \u041c\u044b \u0441\u0442\u0430\u0440\u0430\u0435\u043c\u0441\u044f \u043f\u0440\u0435\u0434\u043e\u0441\u0442\u0430\u0432\u0438\u0442\u044c \u043d\u0430\u0448\u0438\u043c \u043f\u043e\u043b\u044c\u0437\u043e\u0432\u0430\u0442\u0435\u043b\u044f\u043c \u0441\u0430\u043c\u0443\u044e \u043f\u043e\u043b\u043d\u0443\u044e \u0438 \u0434\u043e\u0441\u0442\u043e\u0432\u0435\u0440\u043d\u0443\u044e \u0438\u043d\u0444\u043e\u0440\u043c\u0430\u0446\u0438\u044e \u043e \u0442\u0435\u0445, \u043a\u0442\u043e \u044f\u0432\u043b\u044f\u0435\u0442\u0441\u044f \u043b\u0438\u0434\u0435\u0440\u043e\u043c \u0432 \u043c\u0438\u0440\u0435 \u0438\u0433\u0440\u043e\u0432\u043e\u0439 [&hellip;]\" \/>\n<meta property=\"og:url\" content=\"https:\/\/www.last-gamer.com\/tr\/about-us\/\" \/>\n<meta property=\"article:modified_time\" content=\"2023-09-06T20:32:48+00:00\" \/>\n<meta name=\"twitter:card\" content=\"summary_large_image\" \/>\n<meta name=\"twitter:label1\" content=\"Tahmini okuma s\u00fcresi\" \/>\n\t<meta name=\"twitter:data1\" content=\"2 dakika\" \/>\n<script type=\"application\/ld+json\" class=\"yoast-schema-graph\">{\"@context\":\"https:\/\/schema.org\",\"@graph\":[{\"@type\":\"WebPage\",\"@id\":\"https:\/\/www.last-gamer.com\/about-us\/\",\"url\":\"https:\/\/www.last-gamer.com\/about-us\/\",\"name\":\"\u041e \u043d\u0430\u0441 -\",\"isPartOf\":{\"@id\":\"https:\/\/www.last-gamer.com\/#website\"},\"datePublished\":\"2023-09-06T20:32:47+00:00\",\"dateModified\":\"2023-09-06T20:32:48+00:00\",\"breadcrumb\":{\"@id\":\"https:\/\/www.last-gamer.com\/about-us\/#breadcrumb\"},\"inLanguage\":\"tr\",\"potentialAction\":[{\"@type\":\"ReadAction\",\"target\":[\"https:\/\/www.last-gamer.com\/about-us\/\"]}]},{\"@type\":\"BreadcrumbList\",\"@id\":\"https:\/\/www.last-gamer.com\/about-us\/#breadcrumb\",\"itemListElement\":[{\"@type\":\"ListItem\",\"position\":1,\"name\":\"\u0413\u043b\u0430\u0432\u043d\u0430\u044f \u0441\u0442\u0440\u0430\u043d\u0438\u0446\u0430\",\"item\":\"https:\/\/www.last-gamer.com\/\"},{\"@type\":\"ListItem\",\"position\":2,\"name\":\"\u041e \u043d\u0430\u0441\"}]},{\"@type\":\"WebSite\",\"@id\":\"https:\/\/www.last-gamer.com\/#website\",\"url\":\"https:\/\/www.last-gamer.com\/\",\"name\":\"\",\"description\":\"\",\"potentialAction\":[{\"@type\":\"SearchAction\",\"target\":{\"@type\":\"EntryPoint\",\"urlTemplate\":\"https:\/\/www.last-gamer.com\/?s={search_term_string}\"},\"query-input\":\"required name=search_term_string\"}],\"inLanguage\":\"tr\"}]}<\/script>\n<!-- \/ Yoast SEO plugin. -->","yoast_head_json":{"title":"\u041e \u043d\u0430\u0441 -","robots":{"index":"index","follow":"follow","max-snippet":"max-snippet:-1","max-image-preview":"max-image-preview:large","max-video-preview":"max-video-preview:-1"},"canonical":"https:\/\/www.last-gamer.com\/tr\/about-us\/","og_locale":"tr_TR","og_type":"article","og_title":"\u041e \u043d\u0430\u0441 -","og_description":"\u041c\u044b &#8212; \u043a\u043e\u043c\u0430\u043d\u0434\u0430 \u044d\u043d\u0442\u0443\u0437\u0438\u0430\u0441\u0442\u043e\u0432, \u043a\u043e\u0442\u043e\u0440\u0430\u044f \u0443\u0432\u043b\u0435\u0447\u0435\u043d\u0430 \u043c\u0438\u0440\u043e\u043c \u0430\u0437\u0430\u0440\u0442\u043d\u044b\u0445 \u0438\u0433\u0440 \u0438 \u043a\u0430\u0437\u0438\u043d\u043e. \u041d\u0430 \u043d\u0430\u0448\u0435\u043c \u0432\u0435\u0431-\u0441\u0430\u0439\u0442\u0435 \u043c\u044b \u0441\u043e\u0431\u0440\u0430\u043b\u0438 \u0438\u043d\u0444\u043e\u0440\u043c\u0430\u0446\u0438\u044e \u043e \u0441\u0430\u043c\u044b\u0445 \u043f\u043e\u043f\u0443\u043b\u044f\u0440\u043d\u044b\u0445 \u0441\u0442\u0440\u0438\u043c\u0435\u0440\u0430\u0445, \u043a\u043e\u0442\u043e\u0440\u044b\u0435 \u0432\u0435\u0434\u0443\u0442 \u043e\u043d\u043b\u0430\u0439\u043d \u0442\u0440\u0430\u043d\u0441\u043b\u044f\u0446\u0438\u0438 \u0438\u0433\u0440 \u043d\u0430 \u0440\u0430\u0437\u043b\u0438\u0447\u043d\u044b\u0445 \u043f\u043b\u043e\u0449\u0430\u0434\u043a\u0430\u0445, \u0430 \u0442\u0430\u043a\u0436\u0435 \u043e \u0442\u0435\u0445 \u043a\u0430\u0437\u0438\u043d\u043e, \u0433\u0434\u0435 \u043e\u043d\u0438 \u0438\u0433\u0440\u0430\u044e\u0442. \u041c\u044b \u0441\u0442\u0430\u0440\u0430\u0435\u043c\u0441\u044f \u043f\u0440\u0435\u0434\u043e\u0441\u0442\u0430\u0432\u0438\u0442\u044c \u043d\u0430\u0448\u0438\u043c \u043f\u043e\u043b\u044c\u0437\u043e\u0432\u0430\u0442\u0435\u043b\u044f\u043c \u0441\u0430\u043c\u0443\u044e \u043f\u043e\u043b\u043d\u0443\u044e \u0438 \u0434\u043e\u0441\u0442\u043e\u0432\u0435\u0440\u043d\u0443\u044e \u0438\u043d\u0444\u043e\u0440\u043c\u0430\u0446\u0438\u044e \u043e \u0442\u0435\u0445, \u043a\u0442\u043e \u044f\u0432\u043b\u044f\u0435\u0442\u0441\u044f \u043b\u0438\u0434\u0435\u0440\u043e\u043c \u0432 \u043c\u0438\u0440\u0435 \u0438\u0433\u0440\u043e\u0432\u043e\u0439 [&hellip;]","og_url":"https:\/\/www.last-gamer.com\/tr\/about-us\/","article_modified_time":"2023-09-06T20:32:48+00:00","twitter_card":"summary_large_image","twitter_misc":{"Tahmini okuma s\u00fcresi":"2 dakika"},"schema":{"@context":"https:\/\/schema.org","@graph":[{"@type":"WebPage","@id":"https:\/\/www.last-gamer.com\/about-us\/","url":"https:\/\/www.last-gamer.com\/about-us\/","name":"\u041e \u043d\u0430\u0441 -","isPartOf":{"@id":"https:\/\/www.last-gamer.com\/#website"},"datePublished":"2023-09-06T20:32:47+00:00","dateModified":"2023-09-06T20:32:48+00:00","breadcrumb":{"@id":"https:\/\/www.last-gamer.com\/about-us\/#breadcrumb"},"inLanguage":"tr","potentialAction":[{"@type":"ReadAction","target":["https:\/\/www.last-gamer.com\/about-us\/"]}]},{"@type":"BreadcrumbList","@id":"https:\/\/www.last-gamer.com\/about-us\/#breadcrumb","itemListElement":[{"@type":"ListItem","position":1,"name":"\u0413\u043b\u0430\u0432\u043d\u0430\u044f \u0441\u0442\u0440\u0430\u043d\u0438\u0446\u0430","item":"https:\/\/www.last-gamer.com\/"},{"@type":"ListItem","position":2,"name":"\u041e \u043d\u0430\u0441"}]},{"@type":"WebSite","@id":"https:\/\/www.last-gamer.com\/#website","url":"https:\/\/www.last-gamer.com\/","name":"","description":"","potentialAction":[{"@type":"SearchAction","target":{"@type":"EntryPoint","urlTemplate":"https:\/\/www.last-gamer.com\/?s={search_term_string}"},"query-input":"required name=search_term_string"}],"inLanguage":"tr"}]}},"_links":{"self":[{"href":"https:\/\/www.last-gamer.com\/tr\/wp-json\/wp\/v2\/pages\/852","targetHints":{"allow":["GET"]}}],"collection":[{"href":"https:\/\/www.last-gamer.com\/tr\/wp-json\/wp\/v2\/pages"}],"about":[{"href":"https:\/\/www.last-gamer.com\/tr\/wp-json\/wp\/v2\/types\/page"}],"author":[{"embeddable":true,"href":"https:\/\/www.last-gamer.com\/tr\/wp-json\/wp\/v2\/users\/1"}],"replies":[{"embeddable":true,"href":"https:\/\/www.last-gamer.com\/tr\/wp-json\/wp\/v2\/comments?post=852"}],"version-history":[{"count":0,"href":"https:\/\/www.last-gamer.com\/tr\/wp-json\/wp\/v2\/pages\/852\/revisions"}],"wp:attachment":[{"href":"https:\/\/www.last-gamer.com\/tr\/wp-json\/wp\/v2\/media?parent=852"}],"curies":[{"name":"wp","href":"https:\/\/api.w.org\/{rel}","templated":true}]}}